{"id":538,"date":"2023-05-04T10:36:05","date_gmt":"2023-05-04T08:36:05","guid":{"rendered":"https:\/\/hotel-les-loges-blanches.ms.decms.eu\/chalet-des-reves-2\/"},"modified":"2025-11-27T12:12:12","modified_gmt":"2025-11-27T11:12:12","slug":"luxury-chalet-des-reves","status":"publish","type":"page","link":"https:\/\/www.leslogesblanches-megeve.com\/en\/luxury-chalet-des-reves\/","title":{"rendered":"Luxury Chalet des r\u00eaves"},"content":{"rendered":"<h5 style=\"text-align: center;\">16 people &#8211; 400 m\u00b2 &#8211; 7 bedrooms &#8211; 7 bathrooms &#8211; Ski room &#8211; Pool &#8211; Jacuzzi &#8211; Hammam &#8211; Sauna<\/h5>\n<p style=\"text-align: center;\"><strong>The Chalet des R\u00eaves is a luxury chalet in Meg\u00e8ve that we offer for rent during the winter season.<\/strong><br \/>\nIt is a brand new luxury chalet located on route du Bouchet in Rochebrune with a magnificent view of the mountains and Mont Blanc. It is a 3 minute drive from the Rochebrune cable car and 5 minutes from the centre of the village of Meg\u00e8ve.<\/p>\n<p style=\"text-align: center;\">A very convivial open space floor invites you to share the equipped American kitchen, the living room, the lounge, the bar and the dining room. A wellness area welcomes you with a swimming spa and jacuzzi, a tea\/coffee relaxation area, a mosaic hammam and a Nordic sauna outside. Of course, you will benefit from the services and hospitality of the 4-star Loges Blanches.<\/p>\n","protected":false},"excerpt":{"rendered":"<p>16 people &#8211; 400 m\u00b2 &#8211; 7 bedrooms &#8211; 7 bathrooms &#8211; Ski room &#8211; Pool &#8211; Jacuzzi &#8211; Hammam &#8211; Sauna The Chalet des R\u00eaves is a luxury chalet in Meg\u00e8ve that we offer for rent during the winter season. It is a brand new luxury chalet located on route du Bouchet in Rochebrune [&hellip;]<\/p>\n","protected":false},"author":531,"featured_media":894,"parent":0,"menu_order":0,"comment_status":"closed","ping_status":"closed","template":"template-page-without-offers.php","meta":{"footnotes":""},"class_list":["post-538","page","type-page","status-publish","has-post-thumbnail","hentry"],"yoast_head":"<!-- This site is optimized with the Yoast SEO plugin v26.9 - https:\/\/yoast.com\/product\/yoast-seo-wordpress\/ -->\n<title>Luxury Chalet des r\u00eaves - H\u00f4tel Les Loges Blanches<\/title>\n<meta name=\"description\" content=\"Luxury chalet for rent in Meg\u00e8ve: Chalet des R\u00eaves, 400 m\u00b2, 7 bedrooms, pool, jacuzzi, hammam, sauna. Exclusive comfort.\" \/>\n<meta name=\"robots\" content=\"index, follow, max-snippet:-1, max-image-preview:large, max-video-preview:-1\" \/>\n<link rel=\"canonical\" href=\"https:\/\/www.leslogesblanches-megeve.com\/en\/luxury-chalet-des-reves\/\" \/>\n<meta property=\"og:locale\" content=\"en_US\" \/>\n<meta property=\"og:type\" content=\"article\" \/>\n<meta property=\"og:title\" content=\"Luxury Chalet des r\u00eaves - H\u00f4tel Les Loges Blanches\" \/>\n<meta property=\"og:description\" content=\"Luxury chalet for rent in Meg\u00e8ve: Chalet des R\u00eaves, 400 m\u00b2, 7 bedrooms, pool, jacuzzi, hammam, sauna. Exclusive comfort.\" \/>\n<meta property=\"og:url\" content=\"https:\/\/www.leslogesblanches-megeve.com\/en\/luxury-chalet-des-reves\/\" \/>\n<meta property=\"og:site_name\" content=\"H\u00f4tel Les Loges Blanches\" \/>\n<meta property=\"article:modified_time\" content=\"2025-11-27T11:12:12+00:00\" \/>\n<meta property=\"og:image\" content=\"https:\/\/www.leslogesblanches-megeve.com\/wp-content\/uploads\/sites\/547\/2025\/01\/chalet-des-reves_megeve_chalet-montagnes-slide.jpg\" \/>\n\t<meta property=\"og:image:width\" content=\"1920\" \/>\n\t<meta property=\"og:image:height\" content=\"1080\" \/>\n\t<meta property=\"og:image:type\" content=\"image\/jpeg\" \/>\n<meta name=\"twitter:card\" content=\"summary_large_image\" \/>\n<meta name=\"twitter:label1\" content=\"Est. reading time\" \/>\n\t<meta name=\"twitter:data1\" content=\"1 minute\" \/>\n<script type=\"application\/ld+json\" class=\"yoast-schema-graph\">{\"@context\":\"https:\/\/schema.org\",\"@graph\":[{\"@type\":\"WebPage\",\"@id\":\"https:\/\/www.leslogesblanches-megeve.com\/en\/luxury-chalet-des-reves\/\",\"url\":\"https:\/\/www.leslogesblanches-megeve.com\/en\/luxury-chalet-des-reves\/\",\"name\":\"Luxury Chalet des r\u00eaves - H\u00f4tel Les Loges Blanches\",\"isPartOf\":{\"@id\":\"https:\/\/www.leslogesblanches-megeve.com\/en\/#website\"},\"primaryImageOfPage\":{\"@id\":\"https:\/\/www.leslogesblanches-megeve.com\/en\/luxury-chalet-des-reves\/#primaryimage\"},\"image\":{\"@id\":\"https:\/\/www.leslogesblanches-megeve.com\/en\/luxury-chalet-des-reves\/#primaryimage\"},\"thumbnailUrl\":\"https:\/\/www.leslogesblanches-megeve.com\/wp-content\/uploads\/sites\/547\/2025\/01\/chalet-des-reves_megeve_chalet-montagnes-slide.jpg\",\"datePublished\":\"2023-05-04T08:36:05+00:00\",\"dateModified\":\"2025-11-27T11:12:12+00:00\",\"description\":\"Luxury chalet for rent in Meg\u00e8ve: Chalet des R\u00eaves, 400 m\u00b2, 7 bedrooms, pool, jacuzzi, hammam, sauna. Exclusive comfort.\",\"breadcrumb\":{\"@id\":\"https:\/\/www.leslogesblanches-megeve.com\/en\/luxury-chalet-des-reves\/#breadcrumb\"},\"inLanguage\":\"en-US\",\"potentialAction\":[{\"@type\":\"ReadAction\",\"target\":[\"https:\/\/www.leslogesblanches-megeve.com\/en\/luxury-chalet-des-reves\/\"]}]},{\"@type\":\"ImageObject\",\"inLanguage\":\"en-US\",\"@id\":\"https:\/\/www.leslogesblanches-megeve.com\/en\/luxury-chalet-des-reves\/#primaryimage\",\"url\":\"https:\/\/www.leslogesblanches-megeve.com\/wp-content\/uploads\/sites\/547\/2025\/01\/chalet-des-reves_megeve_chalet-montagnes-slide.jpg\",\"contentUrl\":\"https:\/\/www.leslogesblanches-megeve.com\/wp-content\/uploads\/sites\/547\/2025\/01\/chalet-des-reves_megeve_chalet-montagnes-slide.jpg\",\"width\":1920,\"height\":1080,\"caption\":\"Vue montagnes et Mont-Blanc le Chalet des R\u00eaves chalet de luxe \u00e0 Meg\u00e8ve luxury Chalet\"},{\"@type\":\"BreadcrumbList\",\"@id\":\"https:\/\/www.leslogesblanches-megeve.com\/en\/luxury-chalet-des-reves\/#breadcrumb\",\"itemListElement\":[{\"@type\":\"ListItem\",\"position\":1,\"name\":\"Accueil\",\"item\":\"https:\/\/www.leslogesblanches-megeve.com\/en\/\"},{\"@type\":\"ListItem\",\"position\":2,\"name\":\"Luxury Chalet des r\u00eaves\"}]},{\"@type\":\"WebSite\",\"@id\":\"https:\/\/www.leslogesblanches-megeve.com\/en\/#website\",\"url\":\"https:\/\/www.leslogesblanches-megeve.com\/en\/\",\"name\":\"H\u00f4tel Les Loges Blanches\",\"description\":\"\",\"potentialAction\":[{\"@type\":\"SearchAction\",\"target\":{\"@type\":\"EntryPoint\",\"urlTemplate\":\"https:\/\/www.leslogesblanches-megeve.com\/en\/?s={search_term_string}\"},\"query-input\":{\"@type\":\"PropertyValueSpecification\",\"valueRequired\":true,\"valueName\":\"search_term_string\"}}],\"inLanguage\":\"en-US\"}]}<\/script>\n<!-- \/ Yoast SEO plugin. -->","yoast_head_json":{"title":"Luxury Chalet des r\u00eaves - H\u00f4tel Les Loges Blanches","description":"Luxury chalet for rent in Meg\u00e8ve: Chalet des R\u00eaves, 400 m\u00b2, 7 bedrooms, pool, jacuzzi, hammam, sauna. Exclusive comfort.","robots":{"index":"index","follow":"follow","max-snippet":"max-snippet:-1","max-image-preview":"max-image-preview:large","max-video-preview":"max-video-preview:-1"},"canonical":"https:\/\/www.leslogesblanches-megeve.com\/en\/luxury-chalet-des-reves\/","og_locale":"en_US","og_type":"article","og_title":"Luxury Chalet des r\u00eaves - H\u00f4tel Les Loges Blanches","og_description":"Luxury chalet for rent in Meg\u00e8ve: Chalet des R\u00eaves, 400 m\u00b2, 7 bedrooms, pool, jacuzzi, hammam, sauna. Exclusive comfort.","og_url":"https:\/\/www.leslogesblanches-megeve.com\/en\/luxury-chalet-des-reves\/","og_site_name":"H\u00f4tel Les Loges Blanches","article_modified_time":"2025-11-27T11:12:12+00:00","og_image":[{"width":1920,"height":1080,"url":"https:\/\/www.leslogesblanches-megeve.com\/wp-content\/uploads\/sites\/547\/2025\/01\/chalet-des-reves_megeve_chalet-montagnes-slide.jpg","type":"image\/jpeg"}],"twitter_card":"summary_large_image","twitter_misc":{"Est. reading time":"1 minute"},"schema":{"@context":"https:\/\/schema.org","@graph":[{"@type":"WebPage","@id":"https:\/\/www.leslogesblanches-megeve.com\/en\/luxury-chalet-des-reves\/","url":"https:\/\/www.leslogesblanches-megeve.com\/en\/luxury-chalet-des-reves\/","name":"Luxury Chalet des r\u00eaves - H\u00f4tel Les Loges Blanches","isPartOf":{"@id":"https:\/\/www.leslogesblanches-megeve.com\/en\/#website"},"primaryImageOfPage":{"@id":"https:\/\/www.leslogesblanches-megeve.com\/en\/luxury-chalet-des-reves\/#primaryimage"},"image":{"@id":"https:\/\/www.leslogesblanches-megeve.com\/en\/luxury-chalet-des-reves\/#primaryimage"},"thumbnailUrl":"https:\/\/www.leslogesblanches-megeve.com\/wp-content\/uploads\/sites\/547\/2025\/01\/chalet-des-reves_megeve_chalet-montagnes-slide.jpg","datePublished":"2023-05-04T08:36:05+00:00","dateModified":"2025-11-27T11:12:12+00:00","description":"Luxury chalet for rent in Meg\u00e8ve: Chalet des R\u00eaves, 400 m\u00b2, 7 bedrooms, pool, jacuzzi, hammam, sauna. Exclusive comfort.","breadcrumb":{"@id":"https:\/\/www.leslogesblanches-megeve.com\/en\/luxury-chalet-des-reves\/#breadcrumb"},"inLanguage":"en-US","potentialAction":[{"@type":"ReadAction","target":["https:\/\/www.leslogesblanches-megeve.com\/en\/luxury-chalet-des-reves\/"]}]},{"@type":"ImageObject","inLanguage":"en-US","@id":"https:\/\/www.leslogesblanches-megeve.com\/en\/luxury-chalet-des-reves\/#primaryimage","url":"https:\/\/www.leslogesblanches-megeve.com\/wp-content\/uploads\/sites\/547\/2025\/01\/chalet-des-reves_megeve_chalet-montagnes-slide.jpg","contentUrl":"https:\/\/www.leslogesblanches-megeve.com\/wp-content\/uploads\/sites\/547\/2025\/01\/chalet-des-reves_megeve_chalet-montagnes-slide.jpg","width":1920,"height":1080,"caption":"Vue montagnes et Mont-Blanc le Chalet des R\u00eaves chalet de luxe \u00e0 Meg\u00e8ve luxury Chalet"},{"@type":"BreadcrumbList","@id":"https:\/\/www.leslogesblanches-megeve.com\/en\/luxury-chalet-des-reves\/#breadcrumb","itemListElement":[{"@type":"ListItem","position":1,"name":"Accueil","item":"https:\/\/www.leslogesblanches-megeve.com\/en\/"},{"@type":"ListItem","position":2,"name":"Luxury Chalet des r\u00eaves"}]},{"@type":"WebSite","@id":"https:\/\/www.leslogesblanches-megeve.com\/en\/#website","url":"https:\/\/www.leslogesblanches-megeve.com\/en\/","name":"H\u00f4tel Les Loges Blanches","description":"","potentialAction":[{"@type":"SearchAction","target":{"@type":"EntryPoint","urlTemplate":"https:\/\/www.leslogesblanches-megeve.com\/en\/?s={search_term_string}"},"query-input":{"@type":"PropertyValueSpecification","valueRequired":true,"valueName":"search_term_string"}}],"inLanguage":"en-US"}]}},"acf":[],"_links":{"self":[{"href":"https:\/\/www.leslogesblanches-megeve.com\/en\/wp-json\/wp\/v2\/pages\/538","targetHints":{"allow":["GET"]}}],"collection":[{"href":"https:\/\/www.leslogesblanches-megeve.com\/en\/wp-json\/wp\/v2\/pages"}],"about":[{"href":"https:\/\/www.leslogesblanches-megeve.com\/en\/wp-json\/wp\/v2\/types\/page"}],"author":[{"embeddable":true,"href":"https:\/\/www.leslogesblanches-megeve.com\/en\/wp-json\/wp\/v2\/users\/531"}],"replies":[{"embeddable":true,"href":"https:\/\/www.leslogesblanches-megeve.com\/en\/wp-json\/wp\/v2\/comments?post=538"}],"version-history":[{"count":0,"href":"https:\/\/www.leslogesblanches-megeve.com\/en\/wp-json\/wp\/v2\/pages\/538\/revisions"}],"wp:featuredmedia":[{"embeddable":true,"href":"https:\/\/www.leslogesblanches-megeve.com\/en\/wp-json\/wp\/v2\/media\/894"}],"wp:attachment":[{"href":"https:\/\/www.leslogesblanches-megeve.com\/en\/wp-json\/wp\/v2\/media?parent=538"}],"curies":[{"name":"wp","href":"https:\/\/api.w.org\/{rel}","templated":true}]}}