{"id":540,"date":"2024-10-21T20:52:57","date_gmt":"2024-10-21T18:52:57","guid":{"rendered":"https:\/\/hotel-les-loges-blanches.ms.decms.eu\/spa-cinq-mondes\/"},"modified":"2025-11-05T19:08:10","modified_gmt":"2025-11-05T18:08:10","slug":"cinq-mondes-spa-megeve","status":"publish","type":"page","link":"https:\/\/www.leslogesblanches-megeve.com\/en\/cinq-mondes-spa-megeve\/","title":{"rendered":"Spa"},"content":{"rendered":"<p style=\"text-align: center\">Nestled in the heart of the hamlet, the <strong>Cinq Mondes Spa Megeve<\/strong> is a true invitation to relaxation and serenity.<br \/>\nAfter a day in the fresh mountain air, let yourself be carried away into a world of absolute well-being at <strong>Les Loges Blanches 4*<\/strong>.<\/p>\n<p style=\"text-align: center\">Begin your wellness journey with a few strokes in our <a href=\"https:\/\/www.leslogesblanches-megeve.com\/en\/hotel-services-megeve\/heated-outdoor-pool-megeve\/\"><strong>heated outdoor pool at 30\u00b0C<\/strong><\/a>, then extend this moment of relaxation in our <strong>Nordic sauna<\/strong>.<br \/>\nThree treatment rooms welcome you for a massage, body care or a full Cinq Mondes ritual.<br \/>\nExclusive protocols and natural products mhttps:\/\/www.leslogesblanches-megeve.com\/en\/hotel-services-megeve\/heated-outdoor-pool-megeve\/ade from plant-based active ingredients provide the perfect balance between effectiveness and sensory pleasure.<\/p>\n<p style=\"text-align: center\">Share a <strong>special moment with your child<\/strong> thanks to the <em>Colin Maillard<\/em> range, specially designed for young guests.<br \/>\nA unique parent-child experience, combining gentleness, calm and well-being in a soothing atmosphere.<\/p>\n<p style=\"text-align: center\">The <strong>Cinq Mondes Spa Megeve<\/strong> is open daily from <strong>December 5, 2025, to March 30, 2026<\/strong>, from <strong>10 a.m. to 12 p.m.<\/strong> and <strong>3 p.m. to 8 p.m.<\/strong>.<br \/>\nBook your treatment at reception or directly at the Cinq Mondes Spa.<br \/>\nThe spa menu is available at reception.<\/p>\n","protected":false},"excerpt":{"rendered":"<p>Nestled in the heart of the hamlet, the Cinq Mondes Spa Megeve is a true invitation to relaxation and serenity. After a day in the fresh mountain air, let yourself be carried away into a world of absolute well-being at Les Loges Blanches 4*. Begin your wellness journey with a few strokes in our heated [&hellip;]<\/p>\n","protected":false},"author":649,"featured_media":501,"parent":0,"menu_order":3,"comment_status":"closed","ping_status":"closed","template":"template-default-3.php","meta":{"footnotes":""},"class_list":["post-540","page","type-page","status-publish","has-post-thumbnail","hentry"],"yoast_head":"<!-- This site is optimized with the Yoast SEO plugin v26.9 - https:\/\/yoast.com\/product\/yoast-seo-wordpress\/ -->\n<title>Spa - H\u00f4tel 4 \u00e9toiles Les Loges Blanches<\/title>\n<meta name=\"description\" content=\"Cinq Mondes Spa in Megeve at Les Loges Blanches 4*. Massages, sauna, heated pool and natural treatments for total relaxation.\" \/>\n<meta name=\"robots\" content=\"index, follow, max-snippet:-1, max-image-preview:large, max-video-preview:-1\" \/>\n<link rel=\"canonical\" href=\"https:\/\/www.leslogesblanches-megeve.com\/en\/cinq-mondes-spa-megeve\/\" \/>\n<meta property=\"og:locale\" content=\"en_US\" \/>\n<meta property=\"og:type\" content=\"article\" \/>\n<meta property=\"og:title\" content=\"Spa - H\u00f4tel 4 \u00e9toiles Les Loges Blanches\" \/>\n<meta property=\"og:description\" content=\"Cinq Mondes Spa in Megeve at Les Loges Blanches 4*. Massages, sauna, heated pool and natural treatments for total relaxation.\" \/>\n<meta property=\"og:url\" content=\"https:\/\/www.leslogesblanches-megeve.com\/en\/cinq-mondes-spa-megeve\/\" \/>\n<meta property=\"og:site_name\" content=\"H\u00f4tel Les Loges Blanches\" \/>\n<meta property=\"article:modified_time\" content=\"2025-11-05T18:08:10+00:00\" \/>\n<meta property=\"og:image\" content=\"https:\/\/www.leslogesblanches-megeve.com\/wp-content\/uploads\/sites\/547\/2023\/10\/spa_les-loges-blanches_megeve-1.jpg\" \/>\n\t<meta property=\"og:image:width\" content=\"1619\" \/>\n\t<meta property=\"og:image:height\" content=\"1080\" \/>\n\t<meta property=\"og:image:type\" content=\"image\/jpeg\" \/>\n<meta name=\"twitter:card\" content=\"summary_large_image\" \/>\n<meta name=\"twitter:label1\" content=\"Est. reading time\" \/>\n\t<meta name=\"twitter:data1\" content=\"2 minutes\" \/>\n<script type=\"application\/ld+json\" class=\"yoast-schema-graph\">{\"@context\":\"https:\/\/schema.org\",\"@graph\":[{\"@type\":\"WebPage\",\"@id\":\"https:\/\/www.leslogesblanches-megeve.com\/en\/cinq-mondes-spa-megeve\/\",\"url\":\"https:\/\/www.leslogesblanches-megeve.com\/en\/cinq-mondes-spa-megeve\/\",\"name\":\"Spa - H\u00f4tel 4 \u00e9toiles Les Loges Blanches\",\"isPartOf\":{\"@id\":\"https:\/\/www.leslogesblanches-megeve.com\/en\/#website\"},\"primaryImageOfPage\":{\"@id\":\"https:\/\/www.leslogesblanches-megeve.com\/en\/cinq-mondes-spa-megeve\/#primaryimage\"},\"image\":{\"@id\":\"https:\/\/www.leslogesblanches-megeve.com\/en\/cinq-mondes-spa-megeve\/#primaryimage\"},\"thumbnailUrl\":\"https:\/\/www.leslogesblanches-megeve.com\/wp-content\/uploads\/sites\/547\/2023\/10\/spa_les-loges-blanches_megeve-1.jpg\",\"datePublished\":\"2024-10-21T18:52:57+00:00\",\"dateModified\":\"2025-11-05T18:08:10+00:00\",\"description\":\"Cinq Mondes Spa in Megeve at Les Loges Blanches 4*. Massages, sauna, heated pool and natural treatments for total relaxation.\",\"breadcrumb\":{\"@id\":\"https:\/\/www.leslogesblanches-megeve.com\/en\/cinq-mondes-spa-megeve\/#breadcrumb\"},\"inLanguage\":\"en-US\",\"potentialAction\":[{\"@type\":\"ReadAction\",\"target\":[\"https:\/\/www.leslogesblanches-megeve.com\/en\/cinq-mondes-spa-megeve\/\"]}]},{\"@type\":\"ImageObject\",\"inLanguage\":\"en-US\",\"@id\":\"https:\/\/www.leslogesblanches-megeve.com\/en\/cinq-mondes-spa-megeve\/#primaryimage\",\"url\":\"https:\/\/www.leslogesblanches-megeve.com\/wp-content\/uploads\/sites\/547\/2023\/10\/spa_les-loges-blanches_megeve-1.jpg\",\"contentUrl\":\"https:\/\/www.leslogesblanches-megeve.com\/wp-content\/uploads\/sites\/547\/2023\/10\/spa_les-loges-blanches_megeve-1.jpg\",\"width\":1619,\"height\":1080,\"caption\":\"Spa Cinq Mondes Meg\u00e8ve Les Loges Blanches \u00e0 Meg\u00e8ve\"},{\"@type\":\"BreadcrumbList\",\"@id\":\"https:\/\/www.leslogesblanches-megeve.com\/en\/cinq-mondes-spa-megeve\/#breadcrumb\",\"itemListElement\":[{\"@type\":\"ListItem\",\"position\":1,\"name\":\"Accueil\",\"item\":\"https:\/\/www.leslogesblanches-megeve.com\/en\/\"},{\"@type\":\"ListItem\",\"position\":2,\"name\":\"Spa\"}]},{\"@type\":\"WebSite\",\"@id\":\"https:\/\/www.leslogesblanches-megeve.com\/en\/#website\",\"url\":\"https:\/\/www.leslogesblanches-megeve.com\/en\/\",\"name\":\"H\u00f4tel Les Loges Blanches\",\"description\":\"\",\"potentialAction\":[{\"@type\":\"SearchAction\",\"target\":{\"@type\":\"EntryPoint\",\"urlTemplate\":\"https:\/\/www.leslogesblanches-megeve.com\/en\/?s={search_term_string}\"},\"query-input\":{\"@type\":\"PropertyValueSpecification\",\"valueRequired\":true,\"valueName\":\"search_term_string\"}}],\"inLanguage\":\"en-US\"}]}<\/script>\n<!-- \/ Yoast SEO plugin. -->","yoast_head_json":{"title":"Spa - H\u00f4tel 4 \u00e9toiles Les Loges Blanches","description":"Cinq Mondes Spa in Megeve at Les Loges Blanches 4*. Massages, sauna, heated pool and natural treatments for total relaxation.","robots":{"index":"index","follow":"follow","max-snippet":"max-snippet:-1","max-image-preview":"max-image-preview:large","max-video-preview":"max-video-preview:-1"},"canonical":"https:\/\/www.leslogesblanches-megeve.com\/en\/cinq-mondes-spa-megeve\/","og_locale":"en_US","og_type":"article","og_title":"Spa - H\u00f4tel 4 \u00e9toiles Les Loges Blanches","og_description":"Cinq Mondes Spa in Megeve at Les Loges Blanches 4*. Massages, sauna, heated pool and natural treatments for total relaxation.","og_url":"https:\/\/www.leslogesblanches-megeve.com\/en\/cinq-mondes-spa-megeve\/","og_site_name":"H\u00f4tel Les Loges Blanches","article_modified_time":"2025-11-05T18:08:10+00:00","og_image":[{"width":1619,"height":1080,"url":"https:\/\/www.leslogesblanches-megeve.com\/wp-content\/uploads\/sites\/547\/2023\/10\/spa_les-loges-blanches_megeve-1.jpg","type":"image\/jpeg"}],"twitter_card":"summary_large_image","twitter_misc":{"Est. reading time":"2 minutes"},"schema":{"@context":"https:\/\/schema.org","@graph":[{"@type":"WebPage","@id":"https:\/\/www.leslogesblanches-megeve.com\/en\/cinq-mondes-spa-megeve\/","url":"https:\/\/www.leslogesblanches-megeve.com\/en\/cinq-mondes-spa-megeve\/","name":"Spa - H\u00f4tel 4 \u00e9toiles Les Loges Blanches","isPartOf":{"@id":"https:\/\/www.leslogesblanches-megeve.com\/en\/#website"},"primaryImageOfPage":{"@id":"https:\/\/www.leslogesblanches-megeve.com\/en\/cinq-mondes-spa-megeve\/#primaryimage"},"image":{"@id":"https:\/\/www.leslogesblanches-megeve.com\/en\/cinq-mondes-spa-megeve\/#primaryimage"},"thumbnailUrl":"https:\/\/www.leslogesblanches-megeve.com\/wp-content\/uploads\/sites\/547\/2023\/10\/spa_les-loges-blanches_megeve-1.jpg","datePublished":"2024-10-21T18:52:57+00:00","dateModified":"2025-11-05T18:08:10+00:00","description":"Cinq Mondes Spa in Megeve at Les Loges Blanches 4*. Massages, sauna, heated pool and natural treatments for total relaxation.","breadcrumb":{"@id":"https:\/\/www.leslogesblanches-megeve.com\/en\/cinq-mondes-spa-megeve\/#breadcrumb"},"inLanguage":"en-US","potentialAction":[{"@type":"ReadAction","target":["https:\/\/www.leslogesblanches-megeve.com\/en\/cinq-mondes-spa-megeve\/"]}]},{"@type":"ImageObject","inLanguage":"en-US","@id":"https:\/\/www.leslogesblanches-megeve.com\/en\/cinq-mondes-spa-megeve\/#primaryimage","url":"https:\/\/www.leslogesblanches-megeve.com\/wp-content\/uploads\/sites\/547\/2023\/10\/spa_les-loges-blanches_megeve-1.jpg","contentUrl":"https:\/\/www.leslogesblanches-megeve.com\/wp-content\/uploads\/sites\/547\/2023\/10\/spa_les-loges-blanches_megeve-1.jpg","width":1619,"height":1080,"caption":"Spa Cinq Mondes Meg\u00e8ve Les Loges Blanches \u00e0 Meg\u00e8ve"},{"@type":"BreadcrumbList","@id":"https:\/\/www.leslogesblanches-megeve.com\/en\/cinq-mondes-spa-megeve\/#breadcrumb","itemListElement":[{"@type":"ListItem","position":1,"name":"Accueil","item":"https:\/\/www.leslogesblanches-megeve.com\/en\/"},{"@type":"ListItem","position":2,"name":"Spa"}]},{"@type":"WebSite","@id":"https:\/\/www.leslogesblanches-megeve.com\/en\/#website","url":"https:\/\/www.leslogesblanches-megeve.com\/en\/","name":"H\u00f4tel Les Loges Blanches","description":"","potentialAction":[{"@type":"SearchAction","target":{"@type":"EntryPoint","urlTemplate":"https:\/\/www.leslogesblanches-megeve.com\/en\/?s={search_term_string}"},"query-input":{"@type":"PropertyValueSpecification","valueRequired":true,"valueName":"search_term_string"}}],"inLanguage":"en-US"}]}},"acf":[],"_links":{"self":[{"href":"https:\/\/www.leslogesblanches-megeve.com\/en\/wp-json\/wp\/v2\/pages\/540","targetHints":{"allow":["GET"]}}],"collection":[{"href":"https:\/\/www.leslogesblanches-megeve.com\/en\/wp-json\/wp\/v2\/pages"}],"about":[{"href":"https:\/\/www.leslogesblanches-megeve.com\/en\/wp-json\/wp\/v2\/types\/page"}],"author":[{"embeddable":true,"href":"https:\/\/www.leslogesblanches-megeve.com\/en\/wp-json\/wp\/v2\/users\/649"}],"replies":[{"embeddable":true,"href":"https:\/\/www.leslogesblanches-megeve.com\/en\/wp-json\/wp\/v2\/comments?post=540"}],"version-history":[{"count":0,"href":"https:\/\/www.leslogesblanches-megeve.com\/en\/wp-json\/wp\/v2\/pages\/540\/revisions"}],"wp:featuredmedia":[{"embeddable":true,"href":"https:\/\/www.leslogesblanches-megeve.com\/en\/wp-json\/wp\/v2\/media\/501"}],"wp:attachment":[{"href":"https:\/\/www.leslogesblanches-megeve.com\/en\/wp-json\/wp\/v2\/media?parent=540"}],"curies":[{"name":"wp","href":"https:\/\/api.w.org\/{rel}","templated":true}]}}