{"id":558,"date":"2025-10-31T16:00:08","date_gmt":"2025-10-31T15:00:08","guid":{"rendered":"https:\/\/hotel-les-loges-blanches.ms.decms.eu\/seminaires-evenements\/"},"modified":"2025-11-02T14:11:34","modified_gmt":"2025-11-02T13:11:34","slug":"seminars-groups-weddings-megeve","status":"publish","type":"page","link":"https:\/\/www.leslogesblanches-megeve.com\/en\/seminars-groups-weddings-megeve\/","title":{"rendered":"Seminars Groups &amp; Weddings in Megeve"},"content":{"rendered":"<p><strong>Les Loges Blanches 4*<\/strong> welcome you for your <strong>s\u00e9minaires, groupes et mariages \u00e0 Meg\u00e8ve<\/strong> in the heart of the village of Meg\u00e8ve. Nestled within a true Savoyard hamlet, this unique venue blends authenticity and refinement. Composed of five elegant chalets, it offers the flexibility and warmth of a private alpine village \u2014 where every detail adapts perfectly to the nature of your event.<\/p>\n<p>Whether you\u2019re organising a <strong>corporate seminar<\/strong>, an <strong>intimate wedding<\/strong> or a <strong>group celebration in Meg\u00e8ve<\/strong>, our team creates tailor-made experiences. Indoor and outdoor modular spaces transform according to your wishes: a fireside meeting, a refined dinner at <a href=\"https:\/\/www.leslogesblanches-megeve.com\/en\/bar-restaurant-in-megeve\/\"><strong>La Table des Cochers<\/strong><\/a>, a cocktail by the heated pool, or a dance evening under a temporary structure. Every moment takes shape in a chic, warm atmosphere true to the mountain spirit.<\/p>\n<p>Here, the experience awakens <strong>all five senses<\/strong>: <strong>sight<\/strong> with mountain views of snow-covered peaks or blooming meadows; <strong>taste<\/strong> through authentic and gourmet local cuisine; <strong>smell<\/strong> from the scent of wood and the fireplace; <strong>touch<\/strong> with soft natural materials; and <strong>hearing<\/strong>, lulled by laughter and music.<br \/>\nA sensory journey that defines the <strong>Art of Hospitality in the Alps<\/strong>.<\/p>\n<p>The <strong>Les Loges Blanches 4*<\/strong> team puts its expertise at your service for every <strong>s\u00e9minaire, groupe ou mariage \u00e0 Meg\u00e8ve<\/strong>. From the first contact to the final detail, we provide <strong>complete support<\/strong>: attentive listening, personalised advice, bespoke scenography and on-site coordination.<br \/>\nAt <strong>Les Loges Blanches 4*<\/strong>, everything is designed so that your <strong>s\u00e9minaires, groupes et mariages \u00e0 Meg\u00e8ve<\/strong> become unforgettable experiences in an elegant, authentic mountain setting.<\/p>\n<p style=\"text-align: center\"><script src=\"https:\/\/book.bookingshake.com\/js\/simple-form.js\" defer><\/script> <script defer> document.addEventListener(\"DOMContentLoaded\", function() { var bookingSystem = new BookingShake.BookingSystem({ token: \"503001ed-ae60-409d-8075-3c5ee514f1dc\" });  \/\/ Adding click trigger for the button\r\n            var bookingButton = document.querySelector(\".bs-booking-button\");\r\n            if (bookingButton) {\r\n                setTimeout(function() {\r\n                    bookingButton.click();\r\n                }, 5000);\r\n            } }); <\/script><div class=\"btns_wrap\">\r\n    <div class=\"call_to_action\">\r\n        <span class=\"btnCta btn\"><a class=\"bs-booking-button\" href=\"javascript:void(0);\">Contact us <\/a><\/span>        <\/div>\r\n<\/div><\/p>\n","protected":false},"excerpt":{"rendered":"<p>Les Loges Blanches 4* welcome you for your s\u00e9minaires, groupes et mariages \u00e0 Meg\u00e8ve in the heart of the village of Meg\u00e8ve. Nestled within a true Savoyard hamlet, this unique venue blends authenticity and refinement. Composed of five elegant chalets, it offers the flexibility and warmth of a private alpine village \u2014 where every detail [&hellip;]<\/p>\n","protected":false},"author":649,"featured_media":1135,"parent":0,"menu_order":0,"comment_status":"closed","ping_status":"closed","template":"","meta":{"footnotes":""},"class_list":["post-558","page","type-page","status-publish","has-post-thumbnail","hentry"],"yoast_head":"<!-- This site is optimized with the Yoast SEO plugin v26.9 - https:\/\/yoast.com\/product\/yoast-seo-wordpress\/ -->\n<title>Seminars Groups &amp; Weddings in Megeve - H\u00f4tel Les Loges Blanches<\/title>\n<meta name=\"description\" content=\"Seminars, groups and weddings in Megeve at Les Loges Blanches 4*. Alpine charm, 4-star comfort and tailor-made services for your events.\" \/>\n<meta name=\"robots\" content=\"index, follow, max-snippet:-1, max-image-preview:large, max-video-preview:-1\" \/>\n<link rel=\"canonical\" href=\"https:\/\/www.leslogesblanches-megeve.com\/en\/seminars-groups-weddings-megeve\/\" \/>\n<meta property=\"og:locale\" content=\"en_US\" \/>\n<meta property=\"og:type\" content=\"article\" \/>\n<meta property=\"og:title\" content=\"Seminars Groups &amp; Weddings in Megeve - H\u00f4tel Les Loges Blanches\" \/>\n<meta property=\"og:description\" content=\"Seminars, groups and weddings in Megeve at Les Loges Blanches 4*. Alpine charm, 4-star comfort and tailor-made services for your events.\" \/>\n<meta property=\"og:url\" content=\"https:\/\/www.leslogesblanches-megeve.com\/en\/seminars-groups-weddings-megeve\/\" \/>\n<meta property=\"og:site_name\" content=\"H\u00f4tel Les Loges Blanches\" \/>\n<meta property=\"article:modified_time\" content=\"2025-11-02T13:11:34+00:00\" \/>\n<meta property=\"og:image\" content=\"https:\/\/www.leslogesblanches-megeve.com\/wp-content\/uploads\/sites\/547\/2025\/10\/mariage-celebrations_leslogesblanches.jpg\" \/>\n\t<meta property=\"og:image:width\" content=\"1600\" \/>\n\t<meta property=\"og:image:height\" content=\"1067\" \/>\n\t<meta property=\"og:image:type\" content=\"image\/jpeg\" \/>\n<meta name=\"twitter:card\" content=\"summary_large_image\" \/>\n<meta name=\"twitter:label1\" content=\"Est. reading time\" \/>\n\t<meta name=\"twitter:data1\" content=\"2 minutes\" \/>\n<script type=\"application\/ld+json\" class=\"yoast-schema-graph\">{\"@context\":\"https:\/\/schema.org\",\"@graph\":[{\"@type\":\"WebPage\",\"@id\":\"https:\/\/www.leslogesblanches-megeve.com\/en\/seminars-groups-weddings-megeve\/\",\"url\":\"https:\/\/www.leslogesblanches-megeve.com\/en\/seminars-groups-weddings-megeve\/\",\"name\":\"Seminars Groups &amp; Weddings in Megeve - H\u00f4tel Les Loges Blanches\",\"isPartOf\":{\"@id\":\"https:\/\/www.leslogesblanches-megeve.com\/en\/#website\"},\"primaryImageOfPage\":{\"@id\":\"https:\/\/www.leslogesblanches-megeve.com\/en\/seminars-groups-weddings-megeve\/#primaryimage\"},\"image\":{\"@id\":\"https:\/\/www.leslogesblanches-megeve.com\/en\/seminars-groups-weddings-megeve\/#primaryimage\"},\"thumbnailUrl\":\"https:\/\/www.leslogesblanches-megeve.com\/wp-content\/uploads\/sites\/547\/2025\/10\/mariage-celebrations_leslogesblanches.jpg\",\"datePublished\":\"2025-10-31T15:00:08+00:00\",\"dateModified\":\"2025-11-02T13:11:34+00:00\",\"description\":\"Seminars, groups and weddings in Megeve at Les Loges Blanches 4*. Alpine charm, 4-star comfort and tailor-made services for your events.\",\"breadcrumb\":{\"@id\":\"https:\/\/www.leslogesblanches-megeve.com\/en\/seminars-groups-weddings-megeve\/#breadcrumb\"},\"inLanguage\":\"en-US\",\"potentialAction\":[{\"@type\":\"ReadAction\",\"target\":[\"https:\/\/www.leslogesblanches-megeve.com\/en\/seminars-groups-weddings-megeve\/\"]}]},{\"@type\":\"ImageObject\",\"inLanguage\":\"en-US\",\"@id\":\"https:\/\/www.leslogesblanches-megeve.com\/en\/seminars-groups-weddings-megeve\/#primaryimage\",\"url\":\"https:\/\/www.leslogesblanches-megeve.com\/wp-content\/uploads\/sites\/547\/2025\/10\/mariage-celebrations_leslogesblanches.jpg\",\"contentUrl\":\"https:\/\/www.leslogesblanches-megeve.com\/wp-content\/uploads\/sites\/547\/2025\/10\/mariage-celebrations_leslogesblanches.jpg\",\"width\":1600,\"height\":1067,\"caption\":\"S\u00e9minaires, mariages et c\u00e9l\u00e9brations aux Loges Blanches \u00e0 Meg\u00e8ve - Seminars Groups Weddings Megeve\"},{\"@type\":\"BreadcrumbList\",\"@id\":\"https:\/\/www.leslogesblanches-megeve.com\/en\/seminars-groups-weddings-megeve\/#breadcrumb\",\"itemListElement\":[{\"@type\":\"ListItem\",\"position\":1,\"name\":\"Accueil\",\"item\":\"https:\/\/www.leslogesblanches-megeve.com\/en\/\"},{\"@type\":\"ListItem\",\"position\":2,\"name\":\"Seminars Groups &amp; Weddings in Megeve\"}]},{\"@type\":\"WebSite\",\"@id\":\"https:\/\/www.leslogesblanches-megeve.com\/en\/#website\",\"url\":\"https:\/\/www.leslogesblanches-megeve.com\/en\/\",\"name\":\"H\u00f4tel Les Loges Blanches\",\"description\":\"\",\"potentialAction\":[{\"@type\":\"SearchAction\",\"target\":{\"@type\":\"EntryPoint\",\"urlTemplate\":\"https:\/\/www.leslogesblanches-megeve.com\/en\/?s={search_term_string}\"},\"query-input\":{\"@type\":\"PropertyValueSpecification\",\"valueRequired\":true,\"valueName\":\"search_term_string\"}}],\"inLanguage\":\"en-US\"}]}<\/script>\n<!-- \/ Yoast SEO plugin. -->","yoast_head_json":{"title":"Seminars Groups &amp; Weddings in Megeve - H\u00f4tel Les Loges Blanches","description":"Seminars, groups and weddings in Megeve at Les Loges Blanches 4*. Alpine charm, 4-star comfort and tailor-made services for your events.","robots":{"index":"index","follow":"follow","max-snippet":"max-snippet:-1","max-image-preview":"max-image-preview:large","max-video-preview":"max-video-preview:-1"},"canonical":"https:\/\/www.leslogesblanches-megeve.com\/en\/seminars-groups-weddings-megeve\/","og_locale":"en_US","og_type":"article","og_title":"Seminars Groups &amp; Weddings in Megeve - H\u00f4tel Les Loges Blanches","og_description":"Seminars, groups and weddings in Megeve at Les Loges Blanches 4*. Alpine charm, 4-star comfort and tailor-made services for your events.","og_url":"https:\/\/www.leslogesblanches-megeve.com\/en\/seminars-groups-weddings-megeve\/","og_site_name":"H\u00f4tel Les Loges Blanches","article_modified_time":"2025-11-02T13:11:34+00:00","og_image":[{"width":1600,"height":1067,"url":"https:\/\/www.leslogesblanches-megeve.com\/wp-content\/uploads\/sites\/547\/2025\/10\/mariage-celebrations_leslogesblanches.jpg","type":"image\/jpeg"}],"twitter_card":"summary_large_image","twitter_misc":{"Est. reading time":"2 minutes"},"schema":{"@context":"https:\/\/schema.org","@graph":[{"@type":"WebPage","@id":"https:\/\/www.leslogesblanches-megeve.com\/en\/seminars-groups-weddings-megeve\/","url":"https:\/\/www.leslogesblanches-megeve.com\/en\/seminars-groups-weddings-megeve\/","name":"Seminars Groups &amp; Weddings in Megeve - H\u00f4tel Les Loges Blanches","isPartOf":{"@id":"https:\/\/www.leslogesblanches-megeve.com\/en\/#website"},"primaryImageOfPage":{"@id":"https:\/\/www.leslogesblanches-megeve.com\/en\/seminars-groups-weddings-megeve\/#primaryimage"},"image":{"@id":"https:\/\/www.leslogesblanches-megeve.com\/en\/seminars-groups-weddings-megeve\/#primaryimage"},"thumbnailUrl":"https:\/\/www.leslogesblanches-megeve.com\/wp-content\/uploads\/sites\/547\/2025\/10\/mariage-celebrations_leslogesblanches.jpg","datePublished":"2025-10-31T15:00:08+00:00","dateModified":"2025-11-02T13:11:34+00:00","description":"Seminars, groups and weddings in Megeve at Les Loges Blanches 4*. Alpine charm, 4-star comfort and tailor-made services for your events.","breadcrumb":{"@id":"https:\/\/www.leslogesblanches-megeve.com\/en\/seminars-groups-weddings-megeve\/#breadcrumb"},"inLanguage":"en-US","potentialAction":[{"@type":"ReadAction","target":["https:\/\/www.leslogesblanches-megeve.com\/en\/seminars-groups-weddings-megeve\/"]}]},{"@type":"ImageObject","inLanguage":"en-US","@id":"https:\/\/www.leslogesblanches-megeve.com\/en\/seminars-groups-weddings-megeve\/#primaryimage","url":"https:\/\/www.leslogesblanches-megeve.com\/wp-content\/uploads\/sites\/547\/2025\/10\/mariage-celebrations_leslogesblanches.jpg","contentUrl":"https:\/\/www.leslogesblanches-megeve.com\/wp-content\/uploads\/sites\/547\/2025\/10\/mariage-celebrations_leslogesblanches.jpg","width":1600,"height":1067,"caption":"S\u00e9minaires, mariages et c\u00e9l\u00e9brations aux Loges Blanches \u00e0 Meg\u00e8ve - Seminars Groups Weddings Megeve"},{"@type":"BreadcrumbList","@id":"https:\/\/www.leslogesblanches-megeve.com\/en\/seminars-groups-weddings-megeve\/#breadcrumb","itemListElement":[{"@type":"ListItem","position":1,"name":"Accueil","item":"https:\/\/www.leslogesblanches-megeve.com\/en\/"},{"@type":"ListItem","position":2,"name":"Seminars Groups &amp; Weddings in Megeve"}]},{"@type":"WebSite","@id":"https:\/\/www.leslogesblanches-megeve.com\/en\/#website","url":"https:\/\/www.leslogesblanches-megeve.com\/en\/","name":"H\u00f4tel Les Loges Blanches","description":"","potentialAction":[{"@type":"SearchAction","target":{"@type":"EntryPoint","urlTemplate":"https:\/\/www.leslogesblanches-megeve.com\/en\/?s={search_term_string}"},"query-input":{"@type":"PropertyValueSpecification","valueRequired":true,"valueName":"search_term_string"}}],"inLanguage":"en-US"}]}},"acf":[],"_links":{"self":[{"href":"https:\/\/www.leslogesblanches-megeve.com\/en\/wp-json\/wp\/v2\/pages\/558","targetHints":{"allow":["GET"]}}],"collection":[{"href":"https:\/\/www.leslogesblanches-megeve.com\/en\/wp-json\/wp\/v2\/pages"}],"about":[{"href":"https:\/\/www.leslogesblanches-megeve.com\/en\/wp-json\/wp\/v2\/types\/page"}],"author":[{"embeddable":true,"href":"https:\/\/www.leslogesblanches-megeve.com\/en\/wp-json\/wp\/v2\/users\/649"}],"replies":[{"embeddable":true,"href":"https:\/\/www.leslogesblanches-megeve.com\/en\/wp-json\/wp\/v2\/comments?post=558"}],"version-history":[{"count":0,"href":"https:\/\/www.leslogesblanches-megeve.com\/en\/wp-json\/wp\/v2\/pages\/558\/revisions"}],"wp:featuredmedia":[{"embeddable":true,"href":"https:\/\/www.leslogesblanches-megeve.com\/en\/wp-json\/wp\/v2\/media\/1135"}],"wp:attachment":[{"href":"https:\/\/www.leslogesblanches-megeve.com\/en\/wp-json\/wp\/v2\/media?parent=558"}],"curies":[{"name":"wp","href":"https:\/\/api.w.org\/{rel}","templated":true}]}}