{"id":560,"date":"2023-03-09T16:13:48","date_gmt":"2023-03-09T15:13:48","guid":{"rendered":"https:\/\/hotel-les-loges-blanches.ms.decms.eu\/ski-shop\/"},"modified":"2025-11-03T21:16:13","modified_gmt":"2025-11-03T20:16:13","slug":"ski-shop-service","status":"publish","type":"page","link":"https:\/\/www.leslogesblanches-megeve.com\/en\/hotel-services-megeve\/ski-shop-service\/","title":{"rendered":"Ski shop Service"},"content":{"rendered":"<p style=\"text-align: center\">Experience an exceptional ski shop service at Les Loges Blanches, a 4-star hotel in Meg\u00e8ve. Thanks to our exclusive partnership with \u201cRide\u201d by Richard Gay, Olympic medallist, you\u2019ll benefit from expertise and professionalism for an unmatched skiing experience. Upon arrival, our team adjusts and prepares your ski equipment, ready for your runs. Our secure <strong>ski room<\/strong> provides convenient and safe storage, allowing you to fully enjoy your holidays without any logistical worries.<\/p>\n<p style=\"text-align: center\">The ski shop service includes personalised assistance, expert advice, and custom adjustments to meet your needs. Simplify your winter holidays and enjoy a seamless ski experience with Les Loges Blanches!<\/p>\n<p style=\"text-align: center\"><strong>To book your equipment, visit our <a href=\"https:\/\/www.leslogesblanches-megeve.com\/en\/ski-shop-megeve\/\">Ski Shop Ride<\/a> page.<br \/>\nOpen 7 days a week from 8:00 am to 6:00 pm during the winter season.<\/strong><\/p>\n","protected":false},"excerpt":{"rendered":"<p>Experience an exceptional ski shop service at Les Loges Blanches, a 4-star hotel in Meg\u00e8ve. Thanks to our exclusive partnership with \u201cRide\u201d by Richard Gay, Olympic medallist, you\u2019ll benefit from expertise and professionalism for an unmatched skiing experience. Upon arrival, our team adjusts and prepares your ski equipment, ready for your runs. Our secure ski [&hellip;]<\/p>\n","protected":false},"author":531,"featured_media":148,"parent":565,"menu_order":8,"comment_status":"closed","ping_status":"closed","template":"template-single-service.php","meta":{"footnotes":""},"class_list":["post-560","page","type-page","status-publish","has-post-thumbnail","hentry"],"yoast_head":"<!-- This site is optimized with the Yoast SEO plugin v26.9 - https:\/\/yoast.com\/product\/yoast-seo-wordpress\/ -->\n<title>Ski shop Service - Les Loges Blanches<\/title>\n<meta name=\"description\" content=\"Enjoy a premium ski shop service at Les Loges Blanches. Personalised ski shop service with expert advice and quality gear in Meg\u00e8ve.\" \/>\n<meta name=\"robots\" content=\"index, follow, max-snippet:-1, max-image-preview:large, max-video-preview:-1\" \/>\n<link rel=\"canonical\" href=\"https:\/\/www.leslogesblanches-megeve.com\/en\/hotel-services-megeve\/ski-shop-service\/\" \/>\n<meta property=\"og:locale\" content=\"en_US\" \/>\n<meta property=\"og:type\" content=\"article\" \/>\n<meta property=\"og:title\" content=\"Ski shop Service - Les Loges Blanches\" \/>\n<meta property=\"og:description\" content=\"Enjoy a premium ski shop service at Les Loges Blanches. Personalised ski shop service with expert advice and quality gear in Meg\u00e8ve.\" \/>\n<meta property=\"og:url\" content=\"https:\/\/www.leslogesblanches-megeve.com\/en\/hotel-services-megeve\/ski-shop-service\/\" \/>\n<meta property=\"og:site_name\" content=\"Les Loges Blanches\" \/>\n<meta property=\"article:modified_time\" content=\"2025-11-03T20:16:13+00:00\" \/>\n<meta property=\"og:image\" content=\"https:\/\/www.leslogesblanches-megeve.com\/wp-content\/uploads\/sites\/547\/2023\/03\/chalet-des-reves_ski-room-boot-dryer.jpg\" \/>\n\t<meta property=\"og:image:width\" content=\"1600\" \/>\n\t<meta property=\"og:image:height\" content=\"1067\" \/>\n\t<meta property=\"og:image:type\" content=\"image\/jpeg\" \/>\n<meta name=\"twitter:card\" content=\"summary_large_image\" \/>\n<meta name=\"twitter:label1\" content=\"Est. reading time\" \/>\n\t<meta name=\"twitter:data1\" content=\"1 minute\" \/>\n<script type=\"application\/ld+json\" class=\"yoast-schema-graph\">{\"@context\":\"https:\/\/schema.org\",\"@graph\":[{\"@type\":\"WebPage\",\"@id\":\"https:\/\/www.leslogesblanches-megeve.com\/en\/hotel-services-megeve\/ski-shop-service\/\",\"url\":\"https:\/\/www.leslogesblanches-megeve.com\/en\/hotel-services-megeve\/ski-shop-service\/\",\"name\":\"Ski shop Service - Les Loges Blanches\",\"isPartOf\":{\"@id\":\"https:\/\/www.leslogesblanches-megeve.com\/en\/#website\"},\"primaryImageOfPage\":{\"@id\":\"https:\/\/www.leslogesblanches-megeve.com\/en\/hotel-services-megeve\/ski-shop-service\/#primaryimage\"},\"image\":{\"@id\":\"https:\/\/www.leslogesblanches-megeve.com\/en\/hotel-services-megeve\/ski-shop-service\/#primaryimage\"},\"thumbnailUrl\":\"https:\/\/www.leslogesblanches-megeve.com\/wp-content\/uploads\/sites\/547\/2023\/03\/chalet-des-reves_ski-room-boot-dryer.jpg\",\"datePublished\":\"2023-03-09T15:13:48+00:00\",\"dateModified\":\"2025-11-03T20:16:13+00:00\",\"description\":\"Enjoy a premium ski shop service at Les Loges Blanches. Personalised ski shop service with expert advice and quality gear in Meg\u00e8ve.\",\"breadcrumb\":{\"@id\":\"https:\/\/www.leslogesblanches-megeve.com\/en\/hotel-services-megeve\/ski-shop-service\/#breadcrumb\"},\"inLanguage\":\"en-US\",\"potentialAction\":[{\"@type\":\"ReadAction\",\"target\":[\"https:\/\/www.leslogesblanches-megeve.com\/en\/hotel-services-megeve\/ski-shop-service\/\"]}]},{\"@type\":\"ImageObject\",\"inLanguage\":\"en-US\",\"@id\":\"https:\/\/www.leslogesblanches-megeve.com\/en\/hotel-services-megeve\/ski-shop-service\/#primaryimage\",\"url\":\"https:\/\/www.leslogesblanches-megeve.com\/wp-content\/uploads\/sites\/547\/2023\/03\/chalet-des-reves_ski-room-boot-dryer.jpg\",\"contentUrl\":\"https:\/\/www.leslogesblanches-megeve.com\/wp-content\/uploads\/sites\/547\/2023\/03\/chalet-des-reves_ski-room-boot-dryer.jpg\",\"width\":1600,\"height\":1067,\"caption\":\"Service ski shop et Ski room, boot dryer au Chalet des R\u00eaves \u00e0 Meg\u00e8ve\"},{\"@type\":\"BreadcrumbList\",\"@id\":\"https:\/\/www.leslogesblanches-megeve.com\/en\/hotel-services-megeve\/ski-shop-service\/#breadcrumb\",\"itemListElement\":[{\"@type\":\"ListItem\",\"position\":1,\"name\":\"Accueil\",\"item\":\"https:\/\/www.leslogesblanches-megeve.com\/en\/\"},{\"@type\":\"ListItem\",\"position\":2,\"name\":\"Our Hotel Services\",\"item\":\"https:\/\/www.leslogesblanches-megeve.com\/en\/hotel-services-megeve\/\"},{\"@type\":\"ListItem\",\"position\":3,\"name\":\"Ski shop Service\"}]},{\"@type\":\"WebSite\",\"@id\":\"https:\/\/www.leslogesblanches-megeve.com\/en\/#website\",\"url\":\"https:\/\/www.leslogesblanches-megeve.com\/en\/\",\"name\":\"Les Loges Blanches\",\"description\":\"\",\"potentialAction\":[{\"@type\":\"SearchAction\",\"target\":{\"@type\":\"EntryPoint\",\"urlTemplate\":\"https:\/\/www.leslogesblanches-megeve.com\/en\/?s={search_term_string}\"},\"query-input\":{\"@type\":\"PropertyValueSpecification\",\"valueRequired\":true,\"valueName\":\"search_term_string\"}}],\"inLanguage\":\"en-US\"}]}<\/script>\n<!-- \/ Yoast SEO plugin. -->","yoast_head_json":{"title":"Ski shop Service - Les Loges Blanches","description":"Enjoy a premium ski shop service at Les Loges Blanches. Personalised ski shop service with expert advice and quality gear in Meg\u00e8ve.","robots":{"index":"index","follow":"follow","max-snippet":"max-snippet:-1","max-image-preview":"max-image-preview:large","max-video-preview":"max-video-preview:-1"},"canonical":"https:\/\/www.leslogesblanches-megeve.com\/en\/hotel-services-megeve\/ski-shop-service\/","og_locale":"en_US","og_type":"article","og_title":"Ski shop Service - Les Loges Blanches","og_description":"Enjoy a premium ski shop service at Les Loges Blanches. Personalised ski shop service with expert advice and quality gear in Meg\u00e8ve.","og_url":"https:\/\/www.leslogesblanches-megeve.com\/en\/hotel-services-megeve\/ski-shop-service\/","og_site_name":"Les Loges Blanches","article_modified_time":"2025-11-03T20:16:13+00:00","og_image":[{"width":1600,"height":1067,"url":"https:\/\/www.leslogesblanches-megeve.com\/wp-content\/uploads\/sites\/547\/2023\/03\/chalet-des-reves_ski-room-boot-dryer.jpg","type":"image\/jpeg"}],"twitter_card":"summary_large_image","twitter_misc":{"Est. reading time":"1 minute"},"schema":{"@context":"https:\/\/schema.org","@graph":[{"@type":"WebPage","@id":"https:\/\/www.leslogesblanches-megeve.com\/en\/hotel-services-megeve\/ski-shop-service\/","url":"https:\/\/www.leslogesblanches-megeve.com\/en\/hotel-services-megeve\/ski-shop-service\/","name":"Ski shop Service - Les Loges Blanches","isPartOf":{"@id":"https:\/\/www.leslogesblanches-megeve.com\/en\/#website"},"primaryImageOfPage":{"@id":"https:\/\/www.leslogesblanches-megeve.com\/en\/hotel-services-megeve\/ski-shop-service\/#primaryimage"},"image":{"@id":"https:\/\/www.leslogesblanches-megeve.com\/en\/hotel-services-megeve\/ski-shop-service\/#primaryimage"},"thumbnailUrl":"https:\/\/www.leslogesblanches-megeve.com\/wp-content\/uploads\/sites\/547\/2023\/03\/chalet-des-reves_ski-room-boot-dryer.jpg","datePublished":"2023-03-09T15:13:48+00:00","dateModified":"2025-11-03T20:16:13+00:00","description":"Enjoy a premium ski shop service at Les Loges Blanches. Personalised ski shop service with expert advice and quality gear in Meg\u00e8ve.","breadcrumb":{"@id":"https:\/\/www.leslogesblanches-megeve.com\/en\/hotel-services-megeve\/ski-shop-service\/#breadcrumb"},"inLanguage":"en-US","potentialAction":[{"@type":"ReadAction","target":["https:\/\/www.leslogesblanches-megeve.com\/en\/hotel-services-megeve\/ski-shop-service\/"]}]},{"@type":"ImageObject","inLanguage":"en-US","@id":"https:\/\/www.leslogesblanches-megeve.com\/en\/hotel-services-megeve\/ski-shop-service\/#primaryimage","url":"https:\/\/www.leslogesblanches-megeve.com\/wp-content\/uploads\/sites\/547\/2023\/03\/chalet-des-reves_ski-room-boot-dryer.jpg","contentUrl":"https:\/\/www.leslogesblanches-megeve.com\/wp-content\/uploads\/sites\/547\/2023\/03\/chalet-des-reves_ski-room-boot-dryer.jpg","width":1600,"height":1067,"caption":"Service ski shop et Ski room, boot dryer au Chalet des R\u00eaves \u00e0 Meg\u00e8ve"},{"@type":"BreadcrumbList","@id":"https:\/\/www.leslogesblanches-megeve.com\/en\/hotel-services-megeve\/ski-shop-service\/#breadcrumb","itemListElement":[{"@type":"ListItem","position":1,"name":"Accueil","item":"https:\/\/www.leslogesblanches-megeve.com\/en\/"},{"@type":"ListItem","position":2,"name":"Our Hotel Services","item":"https:\/\/www.leslogesblanches-megeve.com\/en\/hotel-services-megeve\/"},{"@type":"ListItem","position":3,"name":"Ski shop Service"}]},{"@type":"WebSite","@id":"https:\/\/www.leslogesblanches-megeve.com\/en\/#website","url":"https:\/\/www.leslogesblanches-megeve.com\/en\/","name":"Les Loges Blanches","description":"","potentialAction":[{"@type":"SearchAction","target":{"@type":"EntryPoint","urlTemplate":"https:\/\/www.leslogesblanches-megeve.com\/en\/?s={search_term_string}"},"query-input":{"@type":"PropertyValueSpecification","valueRequired":true,"valueName":"search_term_string"}}],"inLanguage":"en-US"}]}},"acf":[],"_links":{"self":[{"href":"https:\/\/www.leslogesblanches-megeve.com\/en\/wp-json\/wp\/v2\/pages\/560","targetHints":{"allow":["GET"]}}],"collection":[{"href":"https:\/\/www.leslogesblanches-megeve.com\/en\/wp-json\/wp\/v2\/pages"}],"about":[{"href":"https:\/\/www.leslogesblanches-megeve.com\/en\/wp-json\/wp\/v2\/types\/page"}],"author":[{"embeddable":true,"href":"https:\/\/www.leslogesblanches-megeve.com\/en\/wp-json\/wp\/v2\/users\/531"}],"replies":[{"embeddable":true,"href":"https:\/\/www.leslogesblanches-megeve.com\/en\/wp-json\/wp\/v2\/comments?post=560"}],"version-history":[{"count":0,"href":"https:\/\/www.leslogesblanches-megeve.com\/en\/wp-json\/wp\/v2\/pages\/560\/revisions"}],"up":[{"embeddable":true,"href":"https:\/\/www.leslogesblanches-megeve.com\/en\/wp-json\/wp\/v2\/pages\/565"}],"wp:featuredmedia":[{"embeddable":true,"href":"https:\/\/www.leslogesblanches-megeve.com\/en\/wp-json\/wp\/v2\/media\/148"}],"wp:attachment":[{"href":"https:\/\/www.leslogesblanches-megeve.com\/en\/wp-json\/wp\/v2\/media?parent=560"}],"curies":[{"name":"wp","href":"https:\/\/api.w.org\/{rel}","templated":true}]}}