{"id":561,"date":"2025-11-03T21:02:35","date_gmt":"2025-11-03T20:02:35","guid":{"rendered":"https:\/\/hotel-les-loges-blanches.ms.decms.eu\/ski-shop-2\/"},"modified":"2025-11-03T21:04:05","modified_gmt":"2025-11-03T20:04:05","slug":"ski-shop-megeve","status":"publish","type":"page","link":"https:\/\/www.leslogesblanches-megeve.com\/en\/ski-shop-megeve\/","title":{"rendered":"Ski shop"},"content":{"rendered":"<p style=\"text-align: center\">Meg\u00e8ve, nestled in the heart of the Evasion Mont-Blanc ski area, offers an exceptional setting for your winter holidays. With 445 km of marked slopes, 107 ski lifts, 219 runs for all levels, and 647 snow cannons, this resort guarantees unforgettable skiing moments in a truly magical landscape! Les Loges Blanches are ideally located just a few metres from the <a href=\"https:\/\/www.leslogesblanches-megeve.com\/en\/places\/jaillet-ski-lifts\/\" target=\"_blank\" rel=\"noopener\">Jaillet cable car<\/a>. In addition, the on-site <strong>ski shop in Meg\u00e8ve<\/strong> allows you to make the most of the <a href=\"https:\/\/www.leslogesblanches-megeve.com\/en\/places\/ski-schools-and-other-slides\/\" target=\"_blank\" rel=\"noopener\">Evasion Mont-Blanc ski area<\/a>.<\/p>\n<p style=\"text-align: center\">The hotel\u2019s \u201cRide\u201d <strong>ski shop in Meg\u00e8ve<\/strong>, managed by Olympic medallist Richard Gay, offers top-quality service for renting or purchasing your ski and snowboard equipment. Alongside professional gear, you\u2019ll receive expert advice to help you choose the most suitable equipment for your level and needs. You\u2019ll also find a secure ski room where you can store your equipment safely after a day on the slopes.<\/p>\n<p>In our ski shop, you can:<\/p>\n<ul>\n<li>Rent or buy your ski and snowboard equipment.<\/li>\n<li>Purchase your lift passes with no extra fee.<\/li>\n<li>Book your ski lessons (group, private, or with a dedicated instructor).<\/li>\n<li>Complete your equipment with a wide range of accessories for a safe and enjoyable experience on the slopes.<\/li>\n<\/ul>\n<p style=\"text-align: center\"><strong>By renting or purchasing your equipment from our ski shop, you also benefit from our complimentary shuttle service. Enjoy free transfers to the slopes for maximum comfort.<\/strong><\/p>\n<p style=\"text-align: center\"><strong>Book now and find your equipment ready upon arrival at <a href=\"https:\/\/ski.ridemegeve.com\/\" target=\"_blank\" rel=\"noopener\">ski.ridemegeve.com<\/a><\/strong><\/p>\n","protected":false},"excerpt":{"rendered":"<p>Meg\u00e8ve, nestled in the heart of the Evasion Mont-Blanc ski area, offers an exceptional setting for your winter holidays. With 445 km of marked slopes, 107 ski lifts, 219 runs for all levels, and 647 snow cannons, this resort guarantees unforgettable skiing moments in a truly magical landscape! Les Loges Blanches are ideally located just [&hellip;]<\/p>\n","protected":false},"author":531,"featured_media":427,"parent":0,"menu_order":10,"comment_status":"closed","ping_status":"closed","template":"template-default-3.php","meta":{"footnotes":""},"class_list":["post-561","page","type-page","status-publish","has-post-thumbnail","hentry"],"yoast_head":"<!-- This site is optimized with the Yoast SEO plugin v26.9 - https:\/\/yoast.com\/product\/yoast-seo-wordpress\/ -->\n<title>Ski shop - H\u00f4tel Les Loges Blanches<\/title>\n<meta name=\"description\" content=\"Discover the best ski shop in Meg\u00e8ve at Les Loges Blanches. Your ski shop in Meg\u00e8ve for rentals, gear, and expert service by Richard Gay.\" \/>\n<meta name=\"robots\" content=\"index, follow, max-snippet:-1, max-image-preview:large, max-video-preview:-1\" \/>\n<link rel=\"canonical\" href=\"https:\/\/www.leslogesblanches-megeve.com\/en\/ski-shop-megeve\/\" \/>\n<meta property=\"og:locale\" content=\"en_US\" \/>\n<meta property=\"og:type\" content=\"article\" \/>\n<meta property=\"og:title\" content=\"Ski shop - H\u00f4tel Les Loges Blanches\" \/>\n<meta property=\"og:description\" content=\"Discover the best ski shop in Meg\u00e8ve at Les Loges Blanches. Your ski shop in Meg\u00e8ve for rentals, gear, and expert service by Richard Gay.\" \/>\n<meta property=\"og:url\" content=\"https:\/\/www.leslogesblanches-megeve.com\/en\/ski-shop-megeve\/\" \/>\n<meta property=\"og:site_name\" content=\"H\u00f4tel Les Loges Blanches\" \/>\n<meta property=\"article:modified_time\" content=\"2025-11-03T20:04:05+00:00\" \/>\n<meta property=\"og:image\" content=\"https:\/\/www.leslogesblanches-megeve.com\/wp-content\/uploads\/sites\/547\/2023\/05\/SERVICES_SKI-SHOP-CLIENTE-ESSAYAGE_1D_9454-final.jpg\" \/>\n\t<meta property=\"og:image:width\" content=\"1620\" \/>\n\t<meta property=\"og:image:height\" content=\"1080\" \/>\n\t<meta property=\"og:image:type\" content=\"image\/jpeg\" \/>\n<meta name=\"twitter:card\" content=\"summary_large_image\" \/>\n<meta name=\"twitter:label1\" content=\"Est. reading time\" \/>\n\t<meta name=\"twitter:data1\" content=\"2 minutes\" \/>\n<script type=\"application\/ld+json\" class=\"yoast-schema-graph\">{\"@context\":\"https:\/\/schema.org\",\"@graph\":[{\"@type\":\"WebPage\",\"@id\":\"https:\/\/www.leslogesblanches-megeve.com\/en\/ski-shop-megeve\/\",\"url\":\"https:\/\/www.leslogesblanches-megeve.com\/en\/ski-shop-megeve\/\",\"name\":\"Ski shop - H\u00f4tel Les Loges Blanches\",\"isPartOf\":{\"@id\":\"https:\/\/www.leslogesblanches-megeve.com\/en\/#website\"},\"primaryImageOfPage\":{\"@id\":\"https:\/\/www.leslogesblanches-megeve.com\/en\/ski-shop-megeve\/#primaryimage\"},\"image\":{\"@id\":\"https:\/\/www.leslogesblanches-megeve.com\/en\/ski-shop-megeve\/#primaryimage\"},\"thumbnailUrl\":\"https:\/\/www.leslogesblanches-megeve.com\/wp-content\/uploads\/sites\/547\/2023\/05\/SERVICES_SKI-SHOP-CLIENTE-ESSAYAGE_1D_9454-final.jpg\",\"datePublished\":\"2025-11-03T20:02:35+00:00\",\"dateModified\":\"2025-11-03T20:04:05+00:00\",\"description\":\"Discover the best ski shop in Meg\u00e8ve at Les Loges Blanches. Your ski shop in Meg\u00e8ve for rentals, gear, and expert service by Richard Gay.\",\"breadcrumb\":{\"@id\":\"https:\/\/www.leslogesblanches-megeve.com\/en\/ski-shop-megeve\/#breadcrumb\"},\"inLanguage\":\"en-US\",\"potentialAction\":[{\"@type\":\"ReadAction\",\"target\":[\"https:\/\/www.leslogesblanches-megeve.com\/en\/ski-shop-megeve\/\"]}]},{\"@type\":\"ImageObject\",\"inLanguage\":\"en-US\",\"@id\":\"https:\/\/www.leslogesblanches-megeve.com\/en\/ski-shop-megeve\/#primaryimage\",\"url\":\"https:\/\/www.leslogesblanches-megeve.com\/wp-content\/uploads\/sites\/547\/2023\/05\/SERVICES_SKI-SHOP-CLIENTE-ESSAYAGE_1D_9454-final.jpg\",\"contentUrl\":\"https:\/\/www.leslogesblanches-megeve.com\/wp-content\/uploads\/sites\/547\/2023\/05\/SERVICES_SKI-SHOP-CLIENTE-ESSAYAGE_1D_9454-final.jpg\",\"width\":1620,\"height\":1080,\"caption\":\"Ski shop \u00e0 Meg\u00e8ve Les Loges Blanches location de mat\u00e9riel ski et chaussures de ski\"},{\"@type\":\"BreadcrumbList\",\"@id\":\"https:\/\/www.leslogesblanches-megeve.com\/en\/ski-shop-megeve\/#breadcrumb\",\"itemListElement\":[{\"@type\":\"ListItem\",\"position\":1,\"name\":\"Accueil\",\"item\":\"https:\/\/www.leslogesblanches-megeve.com\/en\/\"},{\"@type\":\"ListItem\",\"position\":2,\"name\":\"Ski shop\"}]},{\"@type\":\"WebSite\",\"@id\":\"https:\/\/www.leslogesblanches-megeve.com\/en\/#website\",\"url\":\"https:\/\/www.leslogesblanches-megeve.com\/en\/\",\"name\":\"H\u00f4tel Les Loges Blanches\",\"description\":\"\",\"potentialAction\":[{\"@type\":\"SearchAction\",\"target\":{\"@type\":\"EntryPoint\",\"urlTemplate\":\"https:\/\/www.leslogesblanches-megeve.com\/en\/?s={search_term_string}\"},\"query-input\":{\"@type\":\"PropertyValueSpecification\",\"valueRequired\":true,\"valueName\":\"search_term_string\"}}],\"inLanguage\":\"en-US\"}]}<\/script>\n<!-- \/ Yoast SEO plugin. -->","yoast_head_json":{"title":"Ski shop - H\u00f4tel Les Loges Blanches","description":"Discover the best ski shop in Meg\u00e8ve at Les Loges Blanches. Your ski shop in Meg\u00e8ve for rentals, gear, and expert service by Richard Gay.","robots":{"index":"index","follow":"follow","max-snippet":"max-snippet:-1","max-image-preview":"max-image-preview:large","max-video-preview":"max-video-preview:-1"},"canonical":"https:\/\/www.leslogesblanches-megeve.com\/en\/ski-shop-megeve\/","og_locale":"en_US","og_type":"article","og_title":"Ski shop - H\u00f4tel Les Loges Blanches","og_description":"Discover the best ski shop in Meg\u00e8ve at Les Loges Blanches. Your ski shop in Meg\u00e8ve for rentals, gear, and expert service by Richard Gay.","og_url":"https:\/\/www.leslogesblanches-megeve.com\/en\/ski-shop-megeve\/","og_site_name":"H\u00f4tel Les Loges Blanches","article_modified_time":"2025-11-03T20:04:05+00:00","og_image":[{"width":1620,"height":1080,"url":"https:\/\/www.leslogesblanches-megeve.com\/wp-content\/uploads\/sites\/547\/2023\/05\/SERVICES_SKI-SHOP-CLIENTE-ESSAYAGE_1D_9454-final.jpg","type":"image\/jpeg"}],"twitter_card":"summary_large_image","twitter_misc":{"Est. reading time":"2 minutes"},"schema":{"@context":"https:\/\/schema.org","@graph":[{"@type":"WebPage","@id":"https:\/\/www.leslogesblanches-megeve.com\/en\/ski-shop-megeve\/","url":"https:\/\/www.leslogesblanches-megeve.com\/en\/ski-shop-megeve\/","name":"Ski shop - H\u00f4tel Les Loges Blanches","isPartOf":{"@id":"https:\/\/www.leslogesblanches-megeve.com\/en\/#website"},"primaryImageOfPage":{"@id":"https:\/\/www.leslogesblanches-megeve.com\/en\/ski-shop-megeve\/#primaryimage"},"image":{"@id":"https:\/\/www.leslogesblanches-megeve.com\/en\/ski-shop-megeve\/#primaryimage"},"thumbnailUrl":"https:\/\/www.leslogesblanches-megeve.com\/wp-content\/uploads\/sites\/547\/2023\/05\/SERVICES_SKI-SHOP-CLIENTE-ESSAYAGE_1D_9454-final.jpg","datePublished":"2025-11-03T20:02:35+00:00","dateModified":"2025-11-03T20:04:05+00:00","description":"Discover the best ski shop in Meg\u00e8ve at Les Loges Blanches. Your ski shop in Meg\u00e8ve for rentals, gear, and expert service by Richard Gay.","breadcrumb":{"@id":"https:\/\/www.leslogesblanches-megeve.com\/en\/ski-shop-megeve\/#breadcrumb"},"inLanguage":"en-US","potentialAction":[{"@type":"ReadAction","target":["https:\/\/www.leslogesblanches-megeve.com\/en\/ski-shop-megeve\/"]}]},{"@type":"ImageObject","inLanguage":"en-US","@id":"https:\/\/www.leslogesblanches-megeve.com\/en\/ski-shop-megeve\/#primaryimage","url":"https:\/\/www.leslogesblanches-megeve.com\/wp-content\/uploads\/sites\/547\/2023\/05\/SERVICES_SKI-SHOP-CLIENTE-ESSAYAGE_1D_9454-final.jpg","contentUrl":"https:\/\/www.leslogesblanches-megeve.com\/wp-content\/uploads\/sites\/547\/2023\/05\/SERVICES_SKI-SHOP-CLIENTE-ESSAYAGE_1D_9454-final.jpg","width":1620,"height":1080,"caption":"Ski shop \u00e0 Meg\u00e8ve Les Loges Blanches location de mat\u00e9riel ski et chaussures de ski"},{"@type":"BreadcrumbList","@id":"https:\/\/www.leslogesblanches-megeve.com\/en\/ski-shop-megeve\/#breadcrumb","itemListElement":[{"@type":"ListItem","position":1,"name":"Accueil","item":"https:\/\/www.leslogesblanches-megeve.com\/en\/"},{"@type":"ListItem","position":2,"name":"Ski shop"}]},{"@type":"WebSite","@id":"https:\/\/www.leslogesblanches-megeve.com\/en\/#website","url":"https:\/\/www.leslogesblanches-megeve.com\/en\/","name":"H\u00f4tel Les Loges Blanches","description":"","potentialAction":[{"@type":"SearchAction","target":{"@type":"EntryPoint","urlTemplate":"https:\/\/www.leslogesblanches-megeve.com\/en\/?s={search_term_string}"},"query-input":{"@type":"PropertyValueSpecification","valueRequired":true,"valueName":"search_term_string"}}],"inLanguage":"en-US"}]}},"acf":[],"_links":{"self":[{"href":"https:\/\/www.leslogesblanches-megeve.com\/en\/wp-json\/wp\/v2\/pages\/561","targetHints":{"allow":["GET"]}}],"collection":[{"href":"https:\/\/www.leslogesblanches-megeve.com\/en\/wp-json\/wp\/v2\/pages"}],"about":[{"href":"https:\/\/www.leslogesblanches-megeve.com\/en\/wp-json\/wp\/v2\/types\/page"}],"author":[{"embeddable":true,"href":"https:\/\/www.leslogesblanches-megeve.com\/en\/wp-json\/wp\/v2\/users\/531"}],"replies":[{"embeddable":true,"href":"https:\/\/www.leslogesblanches-megeve.com\/en\/wp-json\/wp\/v2\/comments?post=561"}],"version-history":[{"count":0,"href":"https:\/\/www.leslogesblanches-megeve.com\/en\/wp-json\/wp\/v2\/pages\/561\/revisions"}],"wp:featuredmedia":[{"embeddable":true,"href":"https:\/\/www.leslogesblanches-megeve.com\/en\/wp-json\/wp\/v2\/media\/427"}],"wp:attachment":[{"href":"https:\/\/www.leslogesblanches-megeve.com\/en\/wp-json\/wp\/v2\/media?parent=561"}],"curies":[{"name":"wp","href":"https:\/\/api.w.org\/{rel}","templated":true}]}}