{"id":563,"date":"2025-11-01T09:13:26","date_gmt":"2025-11-01T08:13:26","guid":{"rendered":"https:\/\/hotel-les-loges-blanches.ms.decms.eu\/activites\/"},"modified":"2025-11-01T09:30:39","modified_gmt":"2025-11-01T08:30:39","slug":"activites-megeve","status":"publish","type":"page","link":"https:\/\/www.leslogesblanches-megeve.com\/en\/activites-megeve\/","title":{"rendered":"Winter Activities in Meg\u00e8ve"},"content":{"rendered":"<p style=\"text-align: center\"><strong>Enjoy winter activities in Meg\u00e8ve with Les Loges Blanches, your 4-star hotel<\/strong><\/p>\n<p style=\"text-align: center\">Covered in snow, Meg\u00e8ve reveals its true magic. <strong>Les Loges Blanches 4*<\/strong> are the perfect starting point to enjoy an authentic Alpine winter. The village, nestled in the Mont-Blanc massif, invites you to relax, explore, and breathe the mountain air. Each day brings new emotions between skiing, nature, and well-being. From the Mont d\u2019Arbois plateau, the view stretches over the Aravis and Mont Joly peaks. Meanwhile, the Mont-Blanc shines with its eternal snow in a breathtaking setting.<\/p>\n<p style=\"text-align: center\">Ski on the pristine slopes of the <strong>\u00c9vasion Mont-Blanc ski area<\/strong>. Then, discover the peaceful beauty of the forest on a <strong>snowshoe walk<\/strong>. You can also experience the thrill of a <strong>dog sled ride<\/strong>. These adventures combine excitement with the gentle rhythm of mountain life. Just a few steps from the hotel, <strong><a href=\"https:\/\/lepalaismegeve.com\/\" target=\"_blank\" rel=\"noopener\">Le Palais Meg\u00e8ve<\/a><\/strong> offers wellness, skating, and many sports or cultural activities. In addition, for an unforgettable memory, enjoy a <strong><a href=\"https:\/\/www.megeve-tourisme.fr\/en\/activity\/visite-de-lelevage-de-rennes-et-gouter-maison\/\" target=\"_blank\" rel=\"noopener noreferrer\">visit to the reindeer farm<\/a><\/strong>. Finally, a <strong><a href=\"https:\/\/www.megeve-tourisme.fr\/en\/activity\/decouverte-de-megeve-en-caleche\/\" target=\"_blank\" rel=\"noopener noreferrer\">horse-drawn carriage ride<\/a><\/strong> through the snowy streets completes this magical picture.<\/p>\n<p style=\"text-align: center\">Thus, the mountains reveal all their beauty here. The pure air and soft snow enhance every moment. After your adventures, return to the comfort and warmth of <strong><a href=\"https:\/\/www.leslogesblanches-megeve.com\/en\/hotel-services\/\">Les Loges Blanches hotel services<\/a><\/strong>: shuttle to the ski lifts, wellness area, heated ski room, and cozy fireplace. Indeed, everything is designed to make your stay special. Winter in Meg\u00e8ve is a magical experience to live to the fullest.<\/p>\n","protected":false},"excerpt":{"rendered":"<p>Enjoy winter activities in Meg\u00e8ve with Les Loges Blanches, your 4-star hotel Covered in snow, Meg\u00e8ve reveals its true magic. Les Loges Blanches 4* are the perfect starting point to enjoy an authentic Alpine winter. The village, nestled in the Mont-Blanc massif, invites you to relax, explore, and breathe the mountain air. Each day brings [&hellip;]<\/p>\n","protected":false},"author":649,"featured_media":384,"parent":0,"menu_order":0,"comment_status":"closed","ping_status":"closed","template":"template-location.php","meta":{"footnotes":""},"class_list":["post-563","page","type-page","status-publish","has-post-thumbnail","hentry"],"yoast_head":"<!-- This site is optimized with the Yoast SEO plugin v26.9 - https:\/\/yoast.com\/product\/yoast-seo-wordpress\/ -->\n<title>Winter Activities in Meg\u00e8ve - Les Loges Blanches 4*<\/title>\n<meta name=\"description\" content=\"Enjoy winter activities in Meg\u00e8ve: skiing, snowshoeing, dog sledding, skating, reindeer farm visits and wellness at Les Loges Blanches 4*.\" \/>\n<meta name=\"robots\" content=\"index, follow, max-snippet:-1, max-image-preview:large, max-video-preview:-1\" \/>\n<link rel=\"canonical\" href=\"https:\/\/www.leslogesblanches-megeve.com\/en\/activites-megeve\/\" \/>\n<meta property=\"og:locale\" content=\"en_US\" \/>\n<meta property=\"og:type\" content=\"article\" \/>\n<meta property=\"og:title\" content=\"Winter Activities in Meg\u00e8ve - Les Loges Blanches 4*\" \/>\n<meta property=\"og:description\" content=\"Enjoy winter activities in Meg\u00e8ve: skiing, snowshoeing, dog sledding, skating, reindeer farm visits and wellness at Les Loges Blanches 4*.\" \/>\n<meta property=\"og:url\" content=\"https:\/\/www.leslogesblanches-megeve.com\/en\/activites-megeve\/\" \/>\n<meta property=\"og:site_name\" content=\"H\u00f4tel Les Loges Blanches\" \/>\n<meta property=\"article:modified_time\" content=\"2025-11-01T08:30:39+00:00\" \/>\n<meta property=\"og:image\" content=\"https:\/\/www.leslogesblanches-megeve.com\/wp-content\/uploads\/sites\/547\/2023\/03\/MEG.12-SKI-nuts.fr-090-1024x724-1.jpg\" \/>\n\t<meta property=\"og:image:width\" content=\"1024\" \/>\n\t<meta property=\"og:image:height\" content=\"724\" \/>\n\t<meta property=\"og:image:type\" content=\"image\/jpeg\" \/>\n<meta name=\"twitter:card\" content=\"summary_large_image\" \/>\n<meta name=\"twitter:label1\" content=\"Est. reading time\" \/>\n\t<meta name=\"twitter:data1\" content=\"2 minutes\" \/>\n<script type=\"application\/ld+json\" class=\"yoast-schema-graph\">{\"@context\":\"https:\/\/schema.org\",\"@graph\":[{\"@type\":\"WebPage\",\"@id\":\"https:\/\/www.leslogesblanches-megeve.com\/en\/activites-megeve\/\",\"url\":\"https:\/\/www.leslogesblanches-megeve.com\/en\/activites-megeve\/\",\"name\":\"Winter Activities in Meg\u00e8ve - Les Loges Blanches 4*\",\"isPartOf\":{\"@id\":\"https:\/\/www.leslogesblanches-megeve.com\/en\/#website\"},\"primaryImageOfPage\":{\"@id\":\"https:\/\/www.leslogesblanches-megeve.com\/en\/activites-megeve\/#primaryimage\"},\"image\":{\"@id\":\"https:\/\/www.leslogesblanches-megeve.com\/en\/activites-megeve\/#primaryimage\"},\"thumbnailUrl\":\"https:\/\/www.leslogesblanches-megeve.com\/wp-content\/uploads\/sites\/547\/2023\/03\/MEG.12-SKI-nuts.fr-090-1024x724-1.jpg\",\"datePublished\":\"2025-11-01T08:13:26+00:00\",\"dateModified\":\"2025-11-01T08:30:39+00:00\",\"description\":\"Enjoy winter activities in Meg\u00e8ve: skiing, snowshoeing, dog sledding, skating, reindeer farm visits and wellness at Les Loges Blanches 4*.\",\"breadcrumb\":{\"@id\":\"https:\/\/www.leslogesblanches-megeve.com\/en\/activites-megeve\/#breadcrumb\"},\"inLanguage\":\"en-US\",\"potentialAction\":[{\"@type\":\"ReadAction\",\"target\":[\"https:\/\/www.leslogesblanches-megeve.com\/en\/activites-megeve\/\"]}]},{\"@type\":\"ImageObject\",\"inLanguage\":\"en-US\",\"@id\":\"https:\/\/www.leslogesblanches-megeve.com\/en\/activites-megeve\/#primaryimage\",\"url\":\"https:\/\/www.leslogesblanches-megeve.com\/wp-content\/uploads\/sites\/547\/2023\/03\/MEG.12-SKI-nuts.fr-090-1024x724-1.jpg\",\"contentUrl\":\"https:\/\/www.leslogesblanches-megeve.com\/wp-content\/uploads\/sites\/547\/2023\/03\/MEG.12-SKI-nuts.fr-090-1024x724-1.jpg\",\"width\":1024,\"height\":724,\"caption\":\"Activit\u00e9 Ski \u00e0 Meg\u00e8ve domaine \u00e9vasion mont-blanc\"},{\"@type\":\"BreadcrumbList\",\"@id\":\"https:\/\/www.leslogesblanches-megeve.com\/en\/activites-megeve\/#breadcrumb\",\"itemListElement\":[{\"@type\":\"ListItem\",\"position\":1,\"name\":\"Accueil\",\"item\":\"https:\/\/www.leslogesblanches-megeve.com\/en\/\"},{\"@type\":\"ListItem\",\"position\":2,\"name\":\"Winter Activities in Meg\u00e8ve\"}]},{\"@type\":\"WebSite\",\"@id\":\"https:\/\/www.leslogesblanches-megeve.com\/en\/#website\",\"url\":\"https:\/\/www.leslogesblanches-megeve.com\/en\/\",\"name\":\"H\u00f4tel Les Loges Blanches\",\"description\":\"\",\"potentialAction\":[{\"@type\":\"SearchAction\",\"target\":{\"@type\":\"EntryPoint\",\"urlTemplate\":\"https:\/\/www.leslogesblanches-megeve.com\/en\/?s={search_term_string}\"},\"query-input\":{\"@type\":\"PropertyValueSpecification\",\"valueRequired\":true,\"valueName\":\"search_term_string\"}}],\"inLanguage\":\"en-US\"}]}<\/script>\n<!-- \/ Yoast SEO plugin. -->","yoast_head_json":{"title":"Winter Activities in Meg\u00e8ve - Les Loges Blanches 4*","description":"Enjoy winter activities in Meg\u00e8ve: skiing, snowshoeing, dog sledding, skating, reindeer farm visits and wellness at Les Loges Blanches 4*.","robots":{"index":"index","follow":"follow","max-snippet":"max-snippet:-1","max-image-preview":"max-image-preview:large","max-video-preview":"max-video-preview:-1"},"canonical":"https:\/\/www.leslogesblanches-megeve.com\/en\/activites-megeve\/","og_locale":"en_US","og_type":"article","og_title":"Winter Activities in Meg\u00e8ve - Les Loges Blanches 4*","og_description":"Enjoy winter activities in Meg\u00e8ve: skiing, snowshoeing, dog sledding, skating, reindeer farm visits and wellness at Les Loges Blanches 4*.","og_url":"https:\/\/www.leslogesblanches-megeve.com\/en\/activites-megeve\/","og_site_name":"H\u00f4tel Les Loges Blanches","article_modified_time":"2025-11-01T08:30:39+00:00","og_image":[{"width":1024,"height":724,"url":"https:\/\/www.leslogesblanches-megeve.com\/wp-content\/uploads\/sites\/547\/2023\/03\/MEG.12-SKI-nuts.fr-090-1024x724-1.jpg","type":"image\/jpeg"}],"twitter_card":"summary_large_image","twitter_misc":{"Est. reading time":"2 minutes"},"schema":{"@context":"https:\/\/schema.org","@graph":[{"@type":"WebPage","@id":"https:\/\/www.leslogesblanches-megeve.com\/en\/activites-megeve\/","url":"https:\/\/www.leslogesblanches-megeve.com\/en\/activites-megeve\/","name":"Winter Activities in Meg\u00e8ve - Les Loges Blanches 4*","isPartOf":{"@id":"https:\/\/www.leslogesblanches-megeve.com\/en\/#website"},"primaryImageOfPage":{"@id":"https:\/\/www.leslogesblanches-megeve.com\/en\/activites-megeve\/#primaryimage"},"image":{"@id":"https:\/\/www.leslogesblanches-megeve.com\/en\/activites-megeve\/#primaryimage"},"thumbnailUrl":"https:\/\/www.leslogesblanches-megeve.com\/wp-content\/uploads\/sites\/547\/2023\/03\/MEG.12-SKI-nuts.fr-090-1024x724-1.jpg","datePublished":"2025-11-01T08:13:26+00:00","dateModified":"2025-11-01T08:30:39+00:00","description":"Enjoy winter activities in Meg\u00e8ve: skiing, snowshoeing, dog sledding, skating, reindeer farm visits and wellness at Les Loges Blanches 4*.","breadcrumb":{"@id":"https:\/\/www.leslogesblanches-megeve.com\/en\/activites-megeve\/#breadcrumb"},"inLanguage":"en-US","potentialAction":[{"@type":"ReadAction","target":["https:\/\/www.leslogesblanches-megeve.com\/en\/activites-megeve\/"]}]},{"@type":"ImageObject","inLanguage":"en-US","@id":"https:\/\/www.leslogesblanches-megeve.com\/en\/activites-megeve\/#primaryimage","url":"https:\/\/www.leslogesblanches-megeve.com\/wp-content\/uploads\/sites\/547\/2023\/03\/MEG.12-SKI-nuts.fr-090-1024x724-1.jpg","contentUrl":"https:\/\/www.leslogesblanches-megeve.com\/wp-content\/uploads\/sites\/547\/2023\/03\/MEG.12-SKI-nuts.fr-090-1024x724-1.jpg","width":1024,"height":724,"caption":"Activit\u00e9 Ski \u00e0 Meg\u00e8ve domaine \u00e9vasion mont-blanc"},{"@type":"BreadcrumbList","@id":"https:\/\/www.leslogesblanches-megeve.com\/en\/activites-megeve\/#breadcrumb","itemListElement":[{"@type":"ListItem","position":1,"name":"Accueil","item":"https:\/\/www.leslogesblanches-megeve.com\/en\/"},{"@type":"ListItem","position":2,"name":"Winter Activities in Meg\u00e8ve"}]},{"@type":"WebSite","@id":"https:\/\/www.leslogesblanches-megeve.com\/en\/#website","url":"https:\/\/www.leslogesblanches-megeve.com\/en\/","name":"H\u00f4tel Les Loges Blanches","description":"","potentialAction":[{"@type":"SearchAction","target":{"@type":"EntryPoint","urlTemplate":"https:\/\/www.leslogesblanches-megeve.com\/en\/?s={search_term_string}"},"query-input":{"@type":"PropertyValueSpecification","valueRequired":true,"valueName":"search_term_string"}}],"inLanguage":"en-US"}]}},"acf":[],"_links":{"self":[{"href":"https:\/\/www.leslogesblanches-megeve.com\/en\/wp-json\/wp\/v2\/pages\/563","targetHints":{"allow":["GET"]}}],"collection":[{"href":"https:\/\/www.leslogesblanches-megeve.com\/en\/wp-json\/wp\/v2\/pages"}],"about":[{"href":"https:\/\/www.leslogesblanches-megeve.com\/en\/wp-json\/wp\/v2\/types\/page"}],"author":[{"embeddable":true,"href":"https:\/\/www.leslogesblanches-megeve.com\/en\/wp-json\/wp\/v2\/users\/649"}],"replies":[{"embeddable":true,"href":"https:\/\/www.leslogesblanches-megeve.com\/en\/wp-json\/wp\/v2\/comments?post=563"}],"version-history":[{"count":0,"href":"https:\/\/www.leslogesblanches-megeve.com\/en\/wp-json\/wp\/v2\/pages\/563\/revisions"}],"wp:featuredmedia":[{"embeddable":true,"href":"https:\/\/www.leslogesblanches-megeve.com\/en\/wp-json\/wp\/v2\/media\/384"}],"wp:attachment":[{"href":"https:\/\/www.leslogesblanches-megeve.com\/en\/wp-json\/wp\/v2\/media?parent=563"}],"curies":[{"name":"wp","href":"https:\/\/api.w.org\/{rel}","templated":true}]}}