{"id":577,"date":"2024-10-21T20:35:15","date_gmt":"2024-10-21T18:35:15","guid":{"rendered":"https:\/\/hotel-les-loges-blanches.ms.decms.eu\/our-services\/piscine-exterieure-chauffee-sauna\/"},"modified":"2025-11-04T19:43:28","modified_gmt":"2025-11-04T18:43:28","slug":"heated-outdoor-pool-megeve","status":"publish","type":"page","link":"https:\/\/www.leslogesblanches-megeve.com\/en\/hotel-services-megeve\/heated-outdoor-pool-megeve\/","title":{"rendered":"Heated Outdoor Pool"},"content":{"rendered":"<p style=\"text-align: center\">Located in the heart of the hamlet, the <strong>heated outdoor pool in Megeve<\/strong> and Nordic sauna offer relaxation and well-being throughout the year.<br \/>\nWhether in summer or winter, enjoy a timeless experience in a peaceful alpine setting.<\/p>\n<p style=\"text-align: center\">After a full day on the slopes, immerse yourself in water heated to 30\u00b0C, surrounded by snowy landscapes.<br \/>\nExtend this relaxing moment with a session in our <strong>Nordic sauna<\/strong>, perfect for soothing your muscles and recharging your energy.<br \/>\nOur <strong>heated outdoor pool in Megeve<\/strong> promises an unforgettable wellness experience in all seasons.<\/p>\n<p style=\"text-align: center\"><strong>The heated outdoor pool is open from 11 a.m. to 8 p.m. and maintained at around 30\u00b0C all year long.<br \/>\nA Nordic sauna is also available for your comfort.<\/strong><\/p>\n","protected":false},"excerpt":{"rendered":"<p>Located in the heart of the hamlet, the heated outdoor pool in Megeve and Nordic sauna offer relaxation and well-being throughout the year. Whether in summer or winter, enjoy a timeless experience in a peaceful alpine setting. After a full day on the slopes, immerse yourself in water heated to 30\u00b0C, surrounded by snowy landscapes. [&hellip;]<\/p>\n","protected":false},"author":649,"featured_media":512,"parent":565,"menu_order":1,"comment_status":"closed","ping_status":"closed","template":"template-single-service.php","meta":{"footnotes":""},"class_list":["post-577","page","type-page","status-publish","has-post-thumbnail","hentry"],"yoast_head":"<!-- This site is optimized with the Yoast SEO plugin v26.9 - https:\/\/yoast.com\/product\/yoast-seo-wordpress\/ -->\n<title>Heated Outdoor Pool - Les Loges Blanches<\/title>\n<meta name=\"description\" content=\"Heated outdoor pool in Megeve at Les Loges Blanches 4*. Relax year-round in 30\u00b0C water and enjoy the Nordic sauna after skiing.\" \/>\n<meta name=\"robots\" content=\"index, follow, max-snippet:-1, max-image-preview:large, max-video-preview:-1\" \/>\n<link rel=\"canonical\" href=\"https:\/\/www.leslogesblanches-megeve.com\/en\/hotel-services-megeve\/heated-outdoor-pool-megeve\/\" \/>\n<meta property=\"og:locale\" content=\"en_US\" \/>\n<meta property=\"og:type\" content=\"article\" \/>\n<meta property=\"og:title\" content=\"Heated Outdoor Pool - Les Loges Blanches\" \/>\n<meta property=\"og:description\" content=\"Heated outdoor pool in Megeve at Les Loges Blanches 4*. Relax year-round in 30\u00b0C water and enjoy the Nordic sauna after skiing.\" \/>\n<meta property=\"og:url\" content=\"https:\/\/www.leslogesblanches-megeve.com\/en\/hotel-services-megeve\/heated-outdoor-pool-megeve\/\" \/>\n<meta property=\"og:site_name\" content=\"Les Loges Blanches\" \/>\n<meta property=\"article:modified_time\" content=\"2025-11-04T18:43:28+00:00\" \/>\n<meta property=\"og:image\" content=\"https:\/\/www.leslogesblanches-megeve.com\/wp-content\/uploads\/sites\/547\/2023\/10\/diaporama-slide02_les-loges-blanches_megeve-1.jpg\" \/>\n\t<meta property=\"og:image:width\" content=\"1920\" \/>\n\t<meta property=\"og:image:height\" content=\"1080\" \/>\n\t<meta property=\"og:image:type\" content=\"image\/jpeg\" \/>\n<meta name=\"twitter:card\" content=\"summary_large_image\" \/>\n<meta name=\"twitter:label1\" content=\"Est. reading time\" \/>\n\t<meta name=\"twitter:data1\" content=\"1 minute\" \/>\n<script type=\"application\/ld+json\" class=\"yoast-schema-graph\">{\"@context\":\"https:\/\/schema.org\",\"@graph\":[{\"@type\":\"WebPage\",\"@id\":\"https:\/\/www.leslogesblanches-megeve.com\/en\/hotel-services-megeve\/heated-outdoor-pool-megeve\/\",\"url\":\"https:\/\/www.leslogesblanches-megeve.com\/en\/hotel-services-megeve\/heated-outdoor-pool-megeve\/\",\"name\":\"Heated Outdoor Pool - Les Loges Blanches\",\"isPartOf\":{\"@id\":\"https:\/\/www.leslogesblanches-megeve.com\/en\/#website\"},\"primaryImageOfPage\":{\"@id\":\"https:\/\/www.leslogesblanches-megeve.com\/en\/hotel-services-megeve\/heated-outdoor-pool-megeve\/#primaryimage\"},\"image\":{\"@id\":\"https:\/\/www.leslogesblanches-megeve.com\/en\/hotel-services-megeve\/heated-outdoor-pool-megeve\/#primaryimage\"},\"thumbnailUrl\":\"https:\/\/www.leslogesblanches-megeve.com\/wp-content\/uploads\/sites\/547\/2023\/10\/diaporama-slide02_les-loges-blanches_megeve-1.jpg\",\"datePublished\":\"2024-10-21T18:35:15+00:00\",\"dateModified\":\"2025-11-04T18:43:28+00:00\",\"description\":\"Heated outdoor pool in Megeve at Les Loges Blanches 4*. Relax year-round in 30\u00b0C water and enjoy the Nordic sauna after skiing.\",\"breadcrumb\":{\"@id\":\"https:\/\/www.leslogesblanches-megeve.com\/en\/hotel-services-megeve\/heated-outdoor-pool-megeve\/#breadcrumb\"},\"inLanguage\":\"en-US\",\"potentialAction\":[{\"@type\":\"ReadAction\",\"target\":[\"https:\/\/www.leslogesblanches-megeve.com\/en\/hotel-services-megeve\/heated-outdoor-pool-megeve\/\"]}]},{\"@type\":\"ImageObject\",\"inLanguage\":\"en-US\",\"@id\":\"https:\/\/www.leslogesblanches-megeve.com\/en\/hotel-services-megeve\/heated-outdoor-pool-megeve\/#primaryimage\",\"url\":\"https:\/\/www.leslogesblanches-megeve.com\/wp-content\/uploads\/sites\/547\/2023\/10\/diaporama-slide02_les-loges-blanches_megeve-1.jpg\",\"contentUrl\":\"https:\/\/www.leslogesblanches-megeve.com\/wp-content\/uploads\/sites\/547\/2023\/10\/diaporama-slide02_les-loges-blanches_megeve-1.jpg\",\"width\":1920,\"height\":1080,\"caption\":\"Les Loges Blanches 4 \u00e9toiles \u00e0 Meg\u00e8ve hameau savoyard restaurant bar spa piscine exterieure sauna Heated outdoor pool in Megeve\"},{\"@type\":\"BreadcrumbList\",\"@id\":\"https:\/\/www.leslogesblanches-megeve.com\/en\/hotel-services-megeve\/heated-outdoor-pool-megeve\/#breadcrumb\",\"itemListElement\":[{\"@type\":\"ListItem\",\"position\":1,\"name\":\"Accueil\",\"item\":\"https:\/\/www.leslogesblanches-megeve.com\/en\/\"},{\"@type\":\"ListItem\",\"position\":2,\"name\":\"Our Hotel Services\",\"item\":\"https:\/\/www.leslogesblanches-megeve.com\/en\/hotel-services-megeve\/\"},{\"@type\":\"ListItem\",\"position\":3,\"name\":\"Heated Outdoor Pool\"}]},{\"@type\":\"WebSite\",\"@id\":\"https:\/\/www.leslogesblanches-megeve.com\/en\/#website\",\"url\":\"https:\/\/www.leslogesblanches-megeve.com\/en\/\",\"name\":\"Les Loges Blanches\",\"description\":\"\",\"potentialAction\":[{\"@type\":\"SearchAction\",\"target\":{\"@type\":\"EntryPoint\",\"urlTemplate\":\"https:\/\/www.leslogesblanches-megeve.com\/en\/?s={search_term_string}\"},\"query-input\":{\"@type\":\"PropertyValueSpecification\",\"valueRequired\":true,\"valueName\":\"search_term_string\"}}],\"inLanguage\":\"en-US\"}]}<\/script>\n<!-- \/ Yoast SEO plugin. -->","yoast_head_json":{"title":"Heated Outdoor Pool - Les Loges Blanches","description":"Heated outdoor pool in Megeve at Les Loges Blanches 4*. Relax year-round in 30\u00b0C water and enjoy the Nordic sauna after skiing.","robots":{"index":"index","follow":"follow","max-snippet":"max-snippet:-1","max-image-preview":"max-image-preview:large","max-video-preview":"max-video-preview:-1"},"canonical":"https:\/\/www.leslogesblanches-megeve.com\/en\/hotel-services-megeve\/heated-outdoor-pool-megeve\/","og_locale":"en_US","og_type":"article","og_title":"Heated Outdoor Pool - Les Loges Blanches","og_description":"Heated outdoor pool in Megeve at Les Loges Blanches 4*. Relax year-round in 30\u00b0C water and enjoy the Nordic sauna after skiing.","og_url":"https:\/\/www.leslogesblanches-megeve.com\/en\/hotel-services-megeve\/heated-outdoor-pool-megeve\/","og_site_name":"Les Loges Blanches","article_modified_time":"2025-11-04T18:43:28+00:00","og_image":[{"width":1920,"height":1080,"url":"https:\/\/www.leslogesblanches-megeve.com\/wp-content\/uploads\/sites\/547\/2023\/10\/diaporama-slide02_les-loges-blanches_megeve-1.jpg","type":"image\/jpeg"}],"twitter_card":"summary_large_image","twitter_misc":{"Est. reading time":"1 minute"},"schema":{"@context":"https:\/\/schema.org","@graph":[{"@type":"WebPage","@id":"https:\/\/www.leslogesblanches-megeve.com\/en\/hotel-services-megeve\/heated-outdoor-pool-megeve\/","url":"https:\/\/www.leslogesblanches-megeve.com\/en\/hotel-services-megeve\/heated-outdoor-pool-megeve\/","name":"Heated Outdoor Pool - Les Loges Blanches","isPartOf":{"@id":"https:\/\/www.leslogesblanches-megeve.com\/en\/#website"},"primaryImageOfPage":{"@id":"https:\/\/www.leslogesblanches-megeve.com\/en\/hotel-services-megeve\/heated-outdoor-pool-megeve\/#primaryimage"},"image":{"@id":"https:\/\/www.leslogesblanches-megeve.com\/en\/hotel-services-megeve\/heated-outdoor-pool-megeve\/#primaryimage"},"thumbnailUrl":"https:\/\/www.leslogesblanches-megeve.com\/wp-content\/uploads\/sites\/547\/2023\/10\/diaporama-slide02_les-loges-blanches_megeve-1.jpg","datePublished":"2024-10-21T18:35:15+00:00","dateModified":"2025-11-04T18:43:28+00:00","description":"Heated outdoor pool in Megeve at Les Loges Blanches 4*. Relax year-round in 30\u00b0C water and enjoy the Nordic sauna after skiing.","breadcrumb":{"@id":"https:\/\/www.leslogesblanches-megeve.com\/en\/hotel-services-megeve\/heated-outdoor-pool-megeve\/#breadcrumb"},"inLanguage":"en-US","potentialAction":[{"@type":"ReadAction","target":["https:\/\/www.leslogesblanches-megeve.com\/en\/hotel-services-megeve\/heated-outdoor-pool-megeve\/"]}]},{"@type":"ImageObject","inLanguage":"en-US","@id":"https:\/\/www.leslogesblanches-megeve.com\/en\/hotel-services-megeve\/heated-outdoor-pool-megeve\/#primaryimage","url":"https:\/\/www.leslogesblanches-megeve.com\/wp-content\/uploads\/sites\/547\/2023\/10\/diaporama-slide02_les-loges-blanches_megeve-1.jpg","contentUrl":"https:\/\/www.leslogesblanches-megeve.com\/wp-content\/uploads\/sites\/547\/2023\/10\/diaporama-slide02_les-loges-blanches_megeve-1.jpg","width":1920,"height":1080,"caption":"Les Loges Blanches 4 \u00e9toiles \u00e0 Meg\u00e8ve hameau savoyard restaurant bar spa piscine exterieure sauna Heated outdoor pool in Megeve"},{"@type":"BreadcrumbList","@id":"https:\/\/www.leslogesblanches-megeve.com\/en\/hotel-services-megeve\/heated-outdoor-pool-megeve\/#breadcrumb","itemListElement":[{"@type":"ListItem","position":1,"name":"Accueil","item":"https:\/\/www.leslogesblanches-megeve.com\/en\/"},{"@type":"ListItem","position":2,"name":"Our Hotel Services","item":"https:\/\/www.leslogesblanches-megeve.com\/en\/hotel-services-megeve\/"},{"@type":"ListItem","position":3,"name":"Heated Outdoor Pool"}]},{"@type":"WebSite","@id":"https:\/\/www.leslogesblanches-megeve.com\/en\/#website","url":"https:\/\/www.leslogesblanches-megeve.com\/en\/","name":"Les Loges Blanches","description":"","potentialAction":[{"@type":"SearchAction","target":{"@type":"EntryPoint","urlTemplate":"https:\/\/www.leslogesblanches-megeve.com\/en\/?s={search_term_string}"},"query-input":{"@type":"PropertyValueSpecification","valueRequired":true,"valueName":"search_term_string"}}],"inLanguage":"en-US"}]}},"acf":[],"_links":{"self":[{"href":"https:\/\/www.leslogesblanches-megeve.com\/en\/wp-json\/wp\/v2\/pages\/577","targetHints":{"allow":["GET"]}}],"collection":[{"href":"https:\/\/www.leslogesblanches-megeve.com\/en\/wp-json\/wp\/v2\/pages"}],"about":[{"href":"https:\/\/www.leslogesblanches-megeve.com\/en\/wp-json\/wp\/v2\/types\/page"}],"author":[{"embeddable":true,"href":"https:\/\/www.leslogesblanches-megeve.com\/en\/wp-json\/wp\/v2\/users\/649"}],"replies":[{"embeddable":true,"href":"https:\/\/www.leslogesblanches-megeve.com\/en\/wp-json\/wp\/v2\/comments?post=577"}],"version-history":[{"count":0,"href":"https:\/\/www.leslogesblanches-megeve.com\/en\/wp-json\/wp\/v2\/pages\/577\/revisions"}],"up":[{"embeddable":true,"href":"https:\/\/www.leslogesblanches-megeve.com\/en\/wp-json\/wp\/v2\/pages\/565"}],"wp:featuredmedia":[{"embeddable":true,"href":"https:\/\/www.leslogesblanches-megeve.com\/en\/wp-json\/wp\/v2\/media\/512"}],"wp:attachment":[{"href":"https:\/\/www.leslogesblanches-megeve.com\/en\/wp-json\/wp\/v2\/media?parent=577"}],"curies":[{"name":"wp","href":"https:\/\/api.w.org\/{rel}","templated":true}]}}